{"id":699,"date":"2015-04-22T15:10:37","date_gmt":"2015-04-22T13:10:37","guid":{"rendered":"http:\/\/coopcec.be\/wcec\/?page_id=699"},"modified":"2019-03-03T16:21:50","modified_gmt":"2019-03-03T15:21:50","slug":"gouvernance","status":"publish","type":"page","link":"https:\/\/coopcec.be\/wcec\/gouvernance\/","title":{"rendered":"Quelle gouvernance pour la coop\u00e9rative ?"},"content":{"rendered":"<h2><span style=\"color: #99cc00;\"><strong>Notre organisation s&rsquo;articule en plusieurs niveaux :<\/strong><\/span><\/h2>\n<p><strong>L&rsquo;assembl\u00e9e g\u00e9n\u00e9rale (AG).<\/strong>\u00a0 Tout coop\u00e9rateur participe d\u00e9mocratiquement aux grandes d\u00e9cisions. Un homme = une voix.<\/p>\n<p><strong>Le conseil d&rsquo;administration (CA).<\/strong>\u00a0 Elu par l&rsquo;AG pour une p\u00e9riode limit\u00e9e. Ses membres ne sont pas r\u00e9tribu\u00e9s.<\/p>\n<p><strong>Le comit\u00e9 de gestion (CG).<\/strong> Elu par le CA parmi les administrateurs, il g\u00e8re au quotidien la coop\u00e9rative.<\/p>\n","protected":false},"excerpt":{"rendered":"<p>Notre organisation s&rsquo;articule en plusieurs niveaux : L&rsquo;assembl\u00e9e g\u00e9n\u00e9rale (AG).\u00a0 Tout coop\u00e9rateur participe d\u00e9mocratiquement aux grandes d\u00e9cisions. Un homme = une voix. Le conseil d&rsquo;administration (CA).\u00a0 Elu par l&rsquo;AG pour <a class=\"more-link\" href=\"https:\/\/coopcec.be\/wcec\/gouvernance\/\">Continuer la lecture \u2192<\/a><\/p>\n","protected":false},"author":7,"featured_media":0,"parent":0,"menu_order":0,"comment_status":"closed","ping_status":"open","template":"","meta":{"footnotes":""},"class_list":["post-699","page","type-page","status-publish","hentry"],"aioseo_notices":[],"_links":{"self":[{"href":"https:\/\/coopcec.be\/wcec\/wp-json\/wp\/v2\/pages\/699","targetHints":{"allow":["GET"]}}],"collection":[{"href":"https:\/\/coopcec.be\/wcec\/wp-json\/wp\/v2\/pages"}],"about":[{"href":"https:\/\/coopcec.be\/wcec\/wp-json\/wp\/v2\/types\/page"}],"author":[{"embeddable":true,"href":"https:\/\/coopcec.be\/wcec\/wp-json\/wp\/v2\/users\/7"}],"replies":[{"embeddable":true,"href":"https:\/\/coopcec.be\/wcec\/wp-json\/wp\/v2\/comments?post=699"}],"version-history":[{"count":3,"href":"https:\/\/coopcec.be\/wcec\/wp-json\/wp\/v2\/pages\/699\/revisions"}],"predecessor-version":[{"id":1802,"href":"https:\/\/coopcec.be\/wcec\/wp-json\/wp\/v2\/pages\/699\/revisions\/1802"}],"wp:attachment":[{"href":"https:\/\/coopcec.be\/wcec\/wp-json\/wp\/v2\/media?parent=699"}],"curies":[{"name":"wp","href":"https:\/\/api.w.org\/{rel}","templated":true}]}}