{"id":693,"date":"2015-04-22T15:40:27","date_gmt":"2015-04-22T13:40:27","guid":{"rendered":"http:\/\/coopcec.be\/wcec\/?page_id=693"},"modified":"2015-04-22T15:40:27","modified_gmt":"2015-04-22T13:40:27","slug":"la-cooperative","status":"publish","type":"page","link":"https:\/\/coopcec.be\/wcec\/la-cooperative\/","title":{"rendered":"La coop\u00e9rative"},"content":{"rendered":"<h2>Qui sommes-nous?<\/h2>\n<p>Condroz Energies Citoyennes est une coop\u00e9rative qui d\u00e9veloppe des projets dans le domaine des \u00e9nergies renouvelables prioritairement l\u2019hydro\u00e9nergie ou la biom\u00e9thanisation agricole. Elle promeut l\u2019utilisation rationnelle de l\u2019\u00e9nergie.<br \/>\nCEC permet aux citoyens de participer dans des projets locaux de production d\u2019\u00e9nergie, dans le respect de la nature et du patrimoine.<\/p>\n<div id=\"attachment_492\" style=\"width: 310px\" class=\"wp-caption alignleft\"><a href=\"https:\/\/coopcec.be\/wcec\/cec-content\/uploads\/2014\/12\/CEC-Lancement-3-nov-2014-tpous-800x324.jpg\"><img loading=\"lazy\" decoding=\"async\" aria-describedby=\"caption-attachment-492\" class=\"size-medium wp-image-492\" src=\"https:\/\/coopcec.be\/wcec\/cec-content\/uploads\/2014\/12\/CEC-Lancement-3-nov-2014-tpous-800x324-300x122.jpg\" alt=\"Image CEC Lancement 3 nov 2014\" width=\"300\" height=\"122\" srcset=\"https:\/\/coopcec.be\/wcec\/cec-content\/uploads\/2014\/12\/CEC-Lancement-3-nov-2014-tpous-800x324-300x122.jpg 300w, https:\/\/coopcec.be\/wcec\/cec-content\/uploads\/2014\/12\/CEC-Lancement-3-nov-2014-tpous-800x324-600x243.jpg 600w, https:\/\/coopcec.be\/wcec\/cec-content\/uploads\/2014\/12\/CEC-Lancement-3-nov-2014-tpous-800x324.jpg 800w\" sizes=\"auto, (max-width: 300px) 100vw, 300px\" \/><\/a><p id=\"caption-attachment-492\" class=\"wp-caption-text\">Image CEC Lancement 3 nov 2014<\/p><\/div>\n<h2>Notre histoire<\/h2>\n<ul>\n<li>Soutien de la cr\u00e9ation par le <a title=\"Lien vers site du Gal Pays des Condruses\" href=\"http:\/\/www.galcondruses.be\/\" target=\"_blank\">GAL Pays des Condruses<\/a> et par le projet europ\u00e9en <a title=\"Lien vers le site de RESTOR HYDRO\" href=\"http:\/\/www.restor-hydro.eu\/fr\/\" target=\"_blank\">RESTOR Hydro<\/a>.<\/li>\n<li>Fin 2014 cr\u00e9ation par 25 fondateurs.<\/li>\n<li>2015 lancement de trois \u00e9tudes de faisabilit\u00e9.<\/li>\n<li>Avril 2015 Appel public \u00e0 l\u2019\u00e9pargne.<\/li>\n<\/ul>\n<h2>Pourquoi?<\/h2>\n<p><span style=\"color: #99cc00;\"><strong>Le constat \u00e9nerg\u00e9tique<\/strong><\/span><br \/>\nL\u2019avenir est aux \u00e9nergies renouvelables non polluantes. D\u00e9r\u00e8glement climatique, probl\u00e8me non r\u00e9solu des d\u00e9chets nucl\u00e9aires, augmentation du prix de l\u2019\u00e9nergie, mainmise des grands groupes financiers sur les outils de production : les citoyens prennent peu \u00e0 peu conscience qu\u2019ils doivent r\u00e9agir et prendre leur avenir en main.<\/p>\n<p><span style=\"color: #99cc00;\"><strong>Le constat social et \u00e9conomique<\/strong><\/span><br \/>\nCondroz Energies Citoyennes poursuit un but commercial, mais elle n\u2019est pas obs\u00e9d\u00e9e par un objectif de rentabilit\u00e9 intenable comme dans les multinationales. Elle peut ainsi d\u00e9velopper divers projets dans une logique de solidarit\u00e9. La coop\u00e9rative remet les citoyens au centre des priorit\u00e9s en leur permettant d\u2019\u00eatre, ensemble, acteurs du d\u00e9veloppement durable, local et r\u00e9gional. Par ses investissements, elle soutient l\u2019emploi et l\u2019\u00e9conomie locale.<\/p>\n<h2><span style=\"color: #99cc00;\">Investir dans la coop\u00e9rative?<\/span><\/h2>\n<p>Nous avons ouvert l\u2019appel public \u00e0 l\u2019\u00e9pargne le 26 avril 2015. Vous trouverez les informations coop\u00e9rateurs sur <a title=\"Devenir coop\u00e9rateur\" href=\"https:\/\/coopcec.be\/wcec\/devenir-cooperateur\/\">cette page<\/a><\/p>\n","protected":false},"excerpt":{"rendered":"<p>Qui sommes-nous? Condroz Energies Citoyennes est une coop\u00e9rative qui d\u00e9veloppe des projets dans le domaine des \u00e9nergies renouvelables prioritairement l\u2019hydro\u00e9nergie ou la biom\u00e9thanisation agricole. Elle promeut l\u2019utilisation rationnelle de l\u2019\u00e9nergie. <a class=\"more-link\" href=\"https:\/\/coopcec.be\/wcec\/la-cooperative\/\">Continuer la lecture \u2192<\/a><\/p>\n","protected":false},"author":7,"featured_media":0,"parent":0,"menu_order":0,"comment_status":"closed","ping_status":"open","template":"","meta":{"footnotes":""},"class_list":["post-693","page","type-page","status-publish","hentry"],"aioseo_notices":[],"_links":{"self":[{"href":"https:\/\/coopcec.be\/wcec\/wp-json\/wp\/v2\/pages\/693","targetHints":{"allow":["GET"]}}],"collection":[{"href":"https:\/\/coopcec.be\/wcec\/wp-json\/wp\/v2\/pages"}],"about":[{"href":"https:\/\/coopcec.be\/wcec\/wp-json\/wp\/v2\/types\/page"}],"author":[{"embeddable":true,"href":"https:\/\/coopcec.be\/wcec\/wp-json\/wp\/v2\/users\/7"}],"replies":[{"embeddable":true,"href":"https:\/\/coopcec.be\/wcec\/wp-json\/wp\/v2\/comments?post=693"}],"version-history":[{"count":6,"href":"https:\/\/coopcec.be\/wcec\/wp-json\/wp\/v2\/pages\/693\/revisions"}],"predecessor-version":[{"id":708,"href":"https:\/\/coopcec.be\/wcec\/wp-json\/wp\/v2\/pages\/693\/revisions\/708"}],"wp:attachment":[{"href":"https:\/\/coopcec.be\/wcec\/wp-json\/wp\/v2\/media?parent=693"}],"curies":[{"name":"wp","href":"https:\/\/api.w.org\/{rel}","templated":true}]}}