{"id":33,"date":"2014-10-13T11:54:06","date_gmt":"2014-10-13T09:54:06","guid":{"rendered":"http:\/\/192.168.0.200\/wordpress\/?page_id=33"},"modified":"2023-07-18T16:11:01","modified_gmt":"2023-07-18T14:11:01","slug":"nous-contacter","status":"publish","type":"page","link":"https:\/\/coopcec.be\/wcec\/nous-contacter\/","title":{"rendered":"Nous contacter"},"content":{"rendered":"<header class=\"entry-header\"><\/header>\n<h6><span style=\"line-height: 1.5;\">Condroz Energies Citoyennes scrl <\/span><\/h6>\n<p><span style=\"line-height: 1.5;\">(soci\u00e9t\u00e9 coop\u00e9rative \u00e0 responsabilit\u00e9 limit\u00e9e ;\u00a0 soci\u00e9t\u00e9 civile \u00e0 forme commerciale)<br \/>\nRue de la Charmille 16<br \/>\n4577 Modave (Str\u00e9e)<br \/>\nnum\u00e9ro d&rsquo;entreprise\/TVA: 0567.584.315<br \/>\nRPM: Huy<\/span><\/p>\n<p>Pour nous contacter:<\/p>\n<p>En cas d&rsquo;absolue n\u00e9cessit\u00e9, vous pouvez contacter Fran\u00e7oise d&rsquo;Arripe\u00a0 0497591229. <strong>Attention Madame d&rsquo;Arripe est une b\u00e9n\u00e9vole<\/strong>.comme toutes les personnes qui sont impliqu\u00e9es dans Condroz \u00c9nergies Citoyennes.<\/p>\n<p>De pr\u00e9f\u00e9rence, utiliser les solutions ci-dessous<\/p>\n<p>. par email info[at]coopcec.be (Remplacez le at par @)<\/p>\n<p>. le plus simple est d&rsquo;utiliser le formulaire ci-dessous. Nous vous r\u00e9pondrons le plus vite possible.<\/p>\n<p><span style=\"color: #339966;\"><div class=\"wpforms-container wpforms-container-full\" id=\"wpforms-2172\"><form id=\"wpforms-form-2172\" class=\"wpforms-validate wpforms-form\" data-formid=\"2172\" method=\"post\" enctype=\"multipart\/form-data\" action=\"\/wcec\/wp-json\/wp\/v2\/pages\/33\" data-token=\"546a876e584b22a623e0b2eb2e1a32ae\" data-token-time=\"1777547866\"><noscript class=\"wpforms-error-noscript\">Veuillez activer JavaScript dans votre navigateur pour remplir ce formulaire.<\/noscript><div class=\"wpforms-field-container\"><div id=\"wpforms-2172-field_1-container\" class=\"wpforms-field wpforms-field-text\" data-field-id=\"1\"><label class=\"wpforms-field-label\" for=\"wpforms-2172-field_1\">Votre nom (obligatoire) <span class=\"wpforms-required-label\">*<\/span><\/label><input type=\"text\" id=\"wpforms-2172-field_1\" class=\"wpforms-field-medium wpforms-field-required\" name=\"wpforms[fields][1]\" required><\/div><div id=\"wpforms-2172-field_2-container\" class=\"wpforms-field wpforms-field-email\" data-field-id=\"2\"><label class=\"wpforms-field-label\" for=\"wpforms-2172-field_2\">Votre email (obligatoire) <span class=\"wpforms-required-label\">*<\/span><\/label><input type=\"email\" id=\"wpforms-2172-field_2\" class=\"wpforms-field-medium wpforms-field-required\" name=\"wpforms[fields][2]\" spellcheck=\"false\" required><\/div><div id=\"wpforms-2172-field_3-container\" class=\"wpforms-field wpforms-field-text\" data-field-id=\"3\"><label class=\"wpforms-field-label\" for=\"wpforms-2172-field_3\">Sujet (obligatoire) <span class=\"wpforms-required-label\">*<\/span><\/label><input type=\"text\" id=\"wpforms-2172-field_3\" class=\"wpforms-field-medium wpforms-field-required\" name=\"wpforms[fields][3]\" required><\/div><div id=\"wpforms-2172-field_4-container\" class=\"wpforms-field wpforms-field-textarea\" data-field-id=\"4\"><label class=\"wpforms-field-label\" for=\"wpforms-2172-field_4\">Votre message (obligatoire) <span class=\"wpforms-required-label\">*<\/span><\/label><textarea id=\"wpforms-2172-field_4\" class=\"wpforms-field-medium wpforms-field-required\" name=\"wpforms[fields][4]\" required><\/textarea><\/div><\/div><!-- .wpforms-field-container --><div class=\"wpforms-recaptcha-container wpforms-is-recaptcha wpforms-is-recaptcha-type-v3\" ><input type=\"hidden\" name=\"wpforms[recaptcha]\" value=\"\"><\/div><div class=\"wpforms-submit-container\" ><input type=\"hidden\" name=\"wpforms[id]\" value=\"2172\"><input type=\"hidden\" name=\"page_title\" value=\"\"><input type=\"hidden\" name=\"page_url\" value=\"https:\/\/coopcec.be\/wcec\/wp-json\/wp\/v2\/pages\/33\"><input type=\"hidden\" name=\"url_referer\" value=\"\"><button type=\"submit\" name=\"wpforms[submit]\" id=\"wpforms-submit-2172\" class=\"wpforms-submit\" data-alt-text=\"Envoi\" data-submit-text=\"Envoyer\" aria-live=\"assertive\" value=\"wpforms-submit\">Envoyer<\/button><\/div><\/form><\/div>  <!-- .wpforms-container --><\/span><\/p>\n<div class=\"entry-content\"><\/div>\n","protected":false},"excerpt":{"rendered":"<p>Condroz Energies Citoyennes scrl (soci\u00e9t\u00e9 coop\u00e9rative \u00e0 responsabilit\u00e9 limit\u00e9e ;\u00a0 soci\u00e9t\u00e9 civile \u00e0 forme commerciale) Rue de la Charmille 16 4577 Modave (Str\u00e9e) num\u00e9ro d&rsquo;entreprise\/TVA: 0567.584.315 RPM: Huy Pour nous <a class=\"more-link\" href=\"https:\/\/coopcec.be\/wcec\/nous-contacter\/\">Continuer la lecture \u2192<\/a><\/p>\n","protected":false},"author":3,"featured_media":0,"parent":0,"menu_order":0,"comment_status":"closed","ping_status":"open","template":"","meta":{"footnotes":""},"class_list":["post-33","page","type-page","status-publish","hentry"],"aioseo_notices":[],"_links":{"self":[{"href":"https:\/\/coopcec.be\/wcec\/wp-json\/wp\/v2\/pages\/33","targetHints":{"allow":["GET"]}}],"collection":[{"href":"https:\/\/coopcec.be\/wcec\/wp-json\/wp\/v2\/pages"}],"about":[{"href":"https:\/\/coopcec.be\/wcec\/wp-json\/wp\/v2\/types\/page"}],"author":[{"embeddable":true,"href":"https:\/\/coopcec.be\/wcec\/wp-json\/wp\/v2\/users\/3"}],"replies":[{"embeddable":true,"href":"https:\/\/coopcec.be\/wcec\/wp-json\/wp\/v2\/comments?post=33"}],"version-history":[{"count":18,"href":"https:\/\/coopcec.be\/wcec\/wp-json\/wp\/v2\/pages\/33\/revisions"}],"predecessor-version":[{"id":2390,"href":"https:\/\/coopcec.be\/wcec\/wp-json\/wp\/v2\/pages\/33\/revisions\/2390"}],"wp:attachment":[{"href":"https:\/\/coopcec.be\/wcec\/wp-json\/wp\/v2\/media?parent=33"}],"curies":[{"name":"wp","href":"https:\/\/api.w.org\/{rel}","templated":true}]}}