{"id":239,"date":"2014-10-28T16:25:44","date_gmt":"2014-10-28T15:25:44","guid":{"rendered":"http:\/\/coopcec.be\/wcec\/?page_id=239"},"modified":"2019-03-03T17:19:28","modified_gmt":"2019-03-03T16:19:28","slug":"maseyek","status":"publish","type":"page","link":"https:\/\/coopcec.be\/wcec\/nos-projets\/maseyek\/","title":{"rendered":"Maseyek"},"content":{"rendered":"<h3 class=\"font_5\">Centrale hydro\u00e9lectrique Maseyek\/TDM (Marchin)<\/h3>\n<p>Mise \u00e0 jour du 3\/3\/2019<\/p>\n<p>Le projet pr\u00e9voit d&rsquo;\u00e9quiper un barrage sur la rivi\u00e8re \u00ab\u00a0Le Hoyoux\u00a0\u00bb d&rsquo;une turbine Kaplan inclin\u00e9e de 50 kW. Une passe \u00e0 bassins permettra aux poissons de remonter le cours d&rsquo;eau. L&rsquo;\u00e9tude technique pour le projet est r\u00e9alis\u00e9e, le permis d&rsquo;urbanisme est obtenu et la demande de modification de cours d&rsquo;eau en cours de r\u00e9daction chez le gestionnaire du cours d&rsquo;eau (R\u00e9gion wallonne). Elle devrait aboutir \u00e0 l\u2019\u00e9t\u00e9 2019. Les discussions avec Arcelor Mittal, le propri\u00e9taire du site, sont encore en cours pour trouver une solution pour la mise \u00e0 disposition du site.<\/p>\n<div id=\"attachment_309\" style=\"width: 310px\" class=\"wp-caption alignnone\"><a href=\"https:\/\/coopcec.be\/wcec\/cec-content\/uploads\/2014\/10\/plan-clair.jpg\"><img loading=\"lazy\" decoding=\"async\" aria-describedby=\"caption-attachment-309\" class=\"size-medium wp-image-309\" title=\"\" src=\"https:\/\/coopcec.be\/wcec\/cec-content\/uploads\/2014\/10\/plan-clair-300x225.jpg\" alt=\"Plan TDM\" width=\"300\" height=\"225\" srcset=\"https:\/\/coopcec.be\/wcec\/cec-content\/uploads\/2014\/10\/plan-clair-300x225.jpg 300w, https:\/\/coopcec.be\/wcec\/cec-content\/uploads\/2014\/10\/plan-clair.jpg 540w\" sizes=\"auto, (max-width: 300px) 100vw, 300px\" \/><\/a><p id=\"caption-attachment-309\" class=\"wp-caption-text\">Plan TDM<\/p><\/div>\n<div id=\"attachment_312\" style=\"width: 310px\" class=\"wp-caption alignnone\"><a href=\"https:\/\/coopcec.be\/wcec\/cec-content\/uploads\/2014\/10\/TDM-Maseyeck-site.jpg\"><img loading=\"lazy\" decoding=\"async\" aria-describedby=\"caption-attachment-312\" class=\"size-medium wp-image-312\" src=\"https:\/\/coopcec.be\/wcec\/cec-content\/uploads\/2014\/10\/TDM-Maseyeck-site-300x185.jpg\" alt=\"Site Maseyeck vue Google Earth\" width=\"300\" height=\"185\" srcset=\"https:\/\/coopcec.be\/wcec\/cec-content\/uploads\/2014\/10\/TDM-Maseyeck-site-300x185.jpg 300w, https:\/\/coopcec.be\/wcec\/cec-content\/uploads\/2014\/10\/TDM-Maseyeck-site-600x371.jpg 600w, https:\/\/coopcec.be\/wcec\/cec-content\/uploads\/2014\/10\/TDM-Maseyeck-site.jpg 1024w\" sizes=\"auto, (max-width: 300px) 100vw, 300px\" \/><\/a><p id=\"caption-attachment-312\" class=\"wp-caption-text\">Site Maseyeck vue Google Earth<\/p><\/div>\n\t\t\t\t\t\t<div class=\"gallery_box_single\">\n\t\t\t\t\t\t\t\t\t\t\t\t\t\t\t<div class=\"gallery gllr_grid\" data-gllr-columns=\"3\" data-gllr-border-width=\"10\">\n\t\t\t\t\t\t\t\t\t\t\t\t\t\t\t\t\t\t\t\t<div class=\"gllr_image_row\">\n\t\t\t\t\t\t\t\t\t\t\t\t\t\t\t\t\t\t\t\t\t<div class=\"gllr_image_block\">\n\t\t\t\t\t\t\t\t\t\t\t\t<p style=\"\n\t\t\t\t\t\t\t\t\t\t\t\twidth:140px;height:100px;\t\t\t\t\t\t\t\t\t\t\t\t\">\n\t\t\t\t\t\t\t\t\t\t\t\t\t\t\t\t\t\t\t\t\t\t\t\t\t\t\t\t<a data-fancybox=\"gallery_fancybox_539\" href=\"https:\/\/coopcec.be\/wcec\/cec-content\/uploads\/2015\/01\/rD8E_2164_Depuis-barrage-emplacement-possible-centrale-aval-1024x684.jpg\" title=\"Maseyek Emplacement potentiel centrale\" >\n\t\t\t\t\t\t\t\t\t\t\t\t\t\t\t\t<img decoding=\"async\" width=&quot;120&quot; height=&quot;80&quot; style=\"width:120px; height:80px; border-width: 10px; border-color:#f1f1f1;border: 10px solid #f1f1f1\" alt=\"Maseyek Emplacement potentiel centrale\" title=\"Maseyek Emplacement potentiel centrale\" src=\"https:\/\/coopcec.be\/wcec\/cec-content\/uploads\/2015\/01\/rD8E_2164_Depuis-barrage-emplacement-possible-centrale-aval-120x80.jpg\" rel=\"https:\/\/coopcec.be\/wcec\/cec-content\/uploads\/2015\/01\/rD8E_2164_Depuis-barrage-emplacement-possible-centrale-aval.jpg\" \/>\t\t\t\t\t\t\t\t\t\t\t\t\t\t\t<\/a>\n\t\t\t\t\t\t\t\t\t\t\t\t\t\t\t\t\t\t\t\t\t\t\t\t\t\t<\/p>\n\t\t\t\t\t\t\t\t\t\t\t\t\t\t\t\t\t\t\t\t\t\t\t\t\t<div \n\t\t\t\t\t\t\t\t\t\t\t\t\tstyle=\"width:140px;\"\t\t\t\t\t\t\t\t\t\t\t\t\tclass=\"gllr_single_image_text gllr_single_image_text_under\">Maseyek Emplacement potentiel centrale&nbsp;<\/div>\n\t\t\t\t\t\t\t\t\t\t\t\t\t\t\t\t\t\t\t\t\t\t\t<\/div><!-- .gllr_image_block -->\n\t\t\t\t\t\t\t\t\t\t\t\t\t\t\t\t\t\t\t\t\t<div class=\"gllr_image_block\">\n\t\t\t\t\t\t\t\t\t\t\t\t<p style=\"\n\t\t\t\t\t\t\t\t\t\t\t\twidth:140px;height:100px;\t\t\t\t\t\t\t\t\t\t\t\t\">\n\t\t\t\t\t\t\t\t\t\t\t\t\t\t\t\t\t\t\t\t\t\t\t\t\t\t\t\t<a data-fancybox=\"gallery_fancybox_539\" href=\"https:\/\/coopcec.be\/wcec\/cec-content\/uploads\/2015\/01\/rD8E_2156_Aval-barrage-sortie-echelle-a-poissons-1024x684.jpg\" title=\"Maseyek Vue sortie passe \u00e0 poissons\" >\n\t\t\t\t\t\t\t\t\t\t\t\t\t\t\t\t<img decoding=\"async\" width=&quot;120&quot; height=&quot;80&quot; style=\"width:120px; height:80px; border-width: 10px; border-color:#f1f1f1;border: 10px solid #f1f1f1\" alt=\"Maseyek Vue sortie passe \u00e0 poissons\" title=\"Maseyek Vue sortie passe \u00e0 poissons\" src=\"https:\/\/coopcec.be\/wcec\/cec-content\/uploads\/2015\/01\/rD8E_2156_Aval-barrage-sortie-echelle-a-poissons-120x80.jpg\" rel=\"https:\/\/coopcec.be\/wcec\/cec-content\/uploads\/2015\/01\/rD8E_2156_Aval-barrage-sortie-echelle-a-poissons.jpg\" \/>\t\t\t\t\t\t\t\t\t\t\t\t\t\t\t<\/a>\n\t\t\t\t\t\t\t\t\t\t\t\t\t\t\t\t\t\t\t\t\t\t\t\t\t\t<\/p>\n\t\t\t\t\t\t\t\t\t\t\t\t\t\t\t\t\t\t\t\t\t\t\t\t\t<div \n\t\t\t\t\t\t\t\t\t\t\t\t\tstyle=\"width:140px;\"\t\t\t\t\t\t\t\t\t\t\t\t\tclass=\"gllr_single_image_text gllr_single_image_text_under\">Maseyek Vue sortie passe \u00e0 poissons&nbsp;<\/div>\n\t\t\t\t\t\t\t\t\t\t\t\t\t\t\t\t\t\t\t\t\t\t\t<\/div><!-- .gllr_image_block -->\n\t\t\t\t\t\t\t\t\t\t\t\t\t\t\t\t\t\t\t\t\t<div class=\"gllr_image_block\">\n\t\t\t\t\t\t\t\t\t\t\t\t<p style=\"\n\t\t\t\t\t\t\t\t\t\t\t\twidth:140px;height:100px;\t\t\t\t\t\t\t\t\t\t\t\t\">\n\t\t\t\t\t\t\t\t\t\t\t\t\t\t\t\t\t\t\t\t\t\t\t\t\t\t\t\t<a data-fancybox=\"gallery_fancybox_539\" href=\"https:\/\/coopcec.be\/wcec\/cec-content\/uploads\/2015\/01\/rD8E_2154_Vue-aval-barrage-zoom-1024x684.jpg\" title=\"Maseyek Vue Aval barrage\" >\n\t\t\t\t\t\t\t\t\t\t\t\t\t\t\t\t<img decoding=\"async\" width=&quot;120&quot; height=&quot;80&quot; style=\"width:120px; height:80px; border-width: 10px; border-color:#f1f1f1;border: 10px solid #f1f1f1\" alt=\"Maseyek Vue Aval barrage\" title=\"Maseyek Vue Aval barrage\" src=\"https:\/\/coopcec.be\/wcec\/cec-content\/uploads\/2015\/01\/rD8E_2154_Vue-aval-barrage-zoom-120x80.jpg\" rel=\"https:\/\/coopcec.be\/wcec\/cec-content\/uploads\/2015\/01\/rD8E_2154_Vue-aval-barrage-zoom.jpg\" \/>\t\t\t\t\t\t\t\t\t\t\t\t\t\t\t<\/a>\n\t\t\t\t\t\t\t\t\t\t\t\t\t\t\t\t\t\t\t\t\t\t\t\t\t\t<\/p>\n\t\t\t\t\t\t\t\t\t\t\t\t\t\t\t\t\t\t\t\t\t\t\t\t\t<div \n\t\t\t\t\t\t\t\t\t\t\t\t\tstyle=\"width:140px;\"\t\t\t\t\t\t\t\t\t\t\t\t\tclass=\"gllr_single_image_text gllr_single_image_text_under\">Maseyek Vue Aval barrage&nbsp;<\/div>\n\t\t\t\t\t\t\t\t\t\t\t\t\t\t\t\t\t\t\t\t\t\t\t<\/div><!-- .gllr_image_block -->\n\t\t\t\t\t\t\t\t\t\t\t\t\t\t\t\t\t\t\t\t\t<\/div><!-- .gllr_image_row -->\n\t\t\t\t\t\t\t\t\t\t\t\t\t\t\t\t\t\t\t\t\t\t<div class=\"gllr_image_row\">\n\t\t\t\t\t\t\t\t\t\t\t\t\t\t\t\t\t\t\t\t\t<div class=\"gllr_image_block\">\n\t\t\t\t\t\t\t\t\t\t\t\t<p style=\"\n\t\t\t\t\t\t\t\t\t\t\t\twidth:140px;height:100px;\t\t\t\t\t\t\t\t\t\t\t\t\">\n\t\t\t\t\t\t\t\t\t\t\t\t\t\t\t\t\t\t\t\t\t\t\t\t\t\t\t\t<a data-fancybox=\"gallery_fancybox_539\" href=\"https:\/\/coopcec.be\/wcec\/cec-content\/uploads\/2015\/01\/rD8E_2188_Vue-amont-barrage-depuis-prise-eau-pompes-1024x684.jpg\" title=\"Maseyek Vue Amont barrage\" >\n\t\t\t\t\t\t\t\t\t\t\t\t\t\t\t\t<img decoding=\"async\" width=&quot;120&quot; height=&quot;80&quot; style=\"width:120px; height:80px; border-width: 10px; border-color:#f1f1f1;border: 10px solid #f1f1f1\" alt=\"Maseyek Vue Amont barrage\" title=\"Maseyek Vue Amont barrage\" src=\"https:\/\/coopcec.be\/wcec\/cec-content\/uploads\/2015\/01\/rD8E_2188_Vue-amont-barrage-depuis-prise-eau-pompes-120x80.jpg\" rel=\"https:\/\/coopcec.be\/wcec\/cec-content\/uploads\/2015\/01\/rD8E_2188_Vue-amont-barrage-depuis-prise-eau-pompes.jpg\" \/>\t\t\t\t\t\t\t\t\t\t\t\t\t\t\t<\/a>\n\t\t\t\t\t\t\t\t\t\t\t\t\t\t\t\t\t\t\t\t\t\t\t\t\t\t<\/p>\n\t\t\t\t\t\t\t\t\t\t\t\t\t\t\t\t\t\t\t\t\t\t\t\t\t<div \n\t\t\t\t\t\t\t\t\t\t\t\t\tstyle=\"width:140px;\"\t\t\t\t\t\t\t\t\t\t\t\t\tclass=\"gllr_single_image_text gllr_single_image_text_under\">Maseyek Vue Amont barrage&nbsp;<\/div>\n\t\t\t\t\t\t\t\t\t\t\t\t\t\t\t\t\t\t\t\t\t\t\t<\/div><!-- .gllr_image_block -->\n\t\t\t\t\t\t\t\t\t\t\t\t\t\t\t\t\t\t\t\t\t<div class=\"clear\"><\/div>\n\t\t\t\t\t\t\t\t\t\t<\/div><!-- .gllr_image_row -->\n\t\t\t\t\t\t\t\t\t\t\t\t\t\t\t\t\t<\/div><!-- .gallery.clearfix -->\n\t\t\t\t\t\t\t\t\t\t\t\t\t\t<\/div><!-- .gallery_box_single -->\n\t\t\t\t\t\t<div class=\"gllr_clear\"><\/div>\n\t\t\t\t\t\t\n","protected":false},"excerpt":{"rendered":"<p>Centrale hydro\u00e9lectrique Maseyek\/TDM (Marchin) Mise \u00e0 jour du 3\/3\/2019 Le projet pr\u00e9voit d&rsquo;\u00e9quiper un barrage sur la rivi\u00e8re \u00ab\u00a0Le Hoyoux\u00a0\u00bb d&rsquo;une turbine Kaplan inclin\u00e9e de 50 kW. Une passe \u00e0 <a class=\"more-link\" href=\"https:\/\/coopcec.be\/wcec\/gallery\/projet-maseyek\/\">Continuer la lecture \u2192<\/a><\/p>\n","protected":false},"author":3,"featured_media":313,"parent":20,"menu_order":2,"comment_status":"closed","ping_status":"open","template":"","meta":{"footnotes":""},"class_list":["post-239","page","type-page","status-publish","has-post-thumbnail","hentry"],"aioseo_notices":[],"_links":{"self":[{"href":"https:\/\/coopcec.be\/wcec\/wp-json\/wp\/v2\/pages\/239","targetHints":{"allow":["GET"]}}],"collection":[{"href":"https:\/\/coopcec.be\/wcec\/wp-json\/wp\/v2\/pages"}],"about":[{"href":"https:\/\/coopcec.be\/wcec\/wp-json\/wp\/v2\/types\/page"}],"author":[{"embeddable":true,"href":"https:\/\/coopcec.be\/wcec\/wp-json\/wp\/v2\/users\/3"}],"replies":[{"embeddable":true,"href":"https:\/\/coopcec.be\/wcec\/wp-json\/wp\/v2\/comments?post=239"}],"version-history":[{"count":11,"href":"https:\/\/coopcec.be\/wcec\/wp-json\/wp\/v2\/pages\/239\/revisions"}],"predecessor-version":[{"id":1813,"href":"https:\/\/coopcec.be\/wcec\/wp-json\/wp\/v2\/pages\/239\/revisions\/1813"}],"up":[{"embeddable":true,"href":"https:\/\/coopcec.be\/wcec\/wp-json\/wp\/v2\/pages\/20"}],"wp:featuredmedia":[{"embeddable":true,"href":"https:\/\/coopcec.be\/wcec\/wp-json\/wp\/v2\/media\/313"}],"wp:attachment":[{"href":"https:\/\/coopcec.be\/wcec\/wp-json\/wp\/v2\/media?parent=239"}],"curies":[{"name":"wp","href":"https:\/\/api.w.org\/{rel}","templated":true}]}}