{"id":235,"date":"2014-10-28T16:24:11","date_gmt":"2014-10-28T15:24:11","guid":{"rendered":"http:\/\/coopcec.be\/wcec\/?page_id=235"},"modified":"2019-03-03T17:23:42","modified_gmt":"2019-03-03T16:23:42","slug":"les-avins","status":"publish","type":"page","link":"https:\/\/coopcec.be\/wcec\/nos-projets\/les-avins\/","title":{"rendered":"Les Avins"},"content":{"rendered":"<h2>Centrale hydro\u00e9lectrique de \u201cLes Avins\u201d (Clavier)<\/h2>\n<div data-canvas-width=\"134.18954562348566\" data-angle=\"0\" data-font-name=\"g_font_4\"><\/div>\n<div data-canvas-width=\"160.9862120238493\" data-angle=\"0\" data-font-name=\"g_font_4\">L\u2019ancienne roue \u00e0 aubes Sagebien de 9m20 de diam\u00e8tre de Les Avins (une des plus grandes de Belgique) sur la commune de Clavier a assur\u00e9 le pompage de l\u2019eau des captages du fond de la vall\u00e9e aux r\u00e9servoirs situ\u00e9s sur les hauts de la commune jusqu\u2019en 1976. La diminution du d\u00e9bit suite aux captages vers Bruxelles ne permettait plus son exploitation.<\/div>\n<div data-canvas-width=\"160.9862120238493\" data-angle=\"0\" data-font-name=\"g_font_4\"><\/div>\n<div data-canvas-width=\"44.92497603001009\" data-angle=\"0\" data-font-name=\"g_font_4\">Le projet initial pr\u00e9voyait de restaurer la roue et de la coupler \u00e0 un g\u00e9n\u00e9rateur pour produire de l\u2019\u00e9lectricit\u00e9.<\/div>\n<div data-canvas-width=\"44.92497603001009\" data-angle=\"0\" data-font-name=\"g_font_4\">Malheureusement, apr\u00e8s \u00e9tude de faisabilit\u00e9, cette approche n&rsquo;a pu se concr\u00e9tiser.<\/div>\n<ul>\n<li style=\"list-style-type: none;\">\n<ul>\n<li data-canvas-width=\"44.92497603001009\" data-angle=\"0\" data-font-name=\"g_font_4\">Projet cher et trop peu de jours de production car le d\u00e9bit sera tr\u00e8s souvent trop faible par rapport \u00e0 la consommation minimum de la roue.<\/li>\n<li data-canvas-width=\"44.92497603001009\" data-angle=\"0\" data-font-name=\"g_font_4\">Risques \u00e9lev\u00e9s de voir la roue se d\u00e9grader de nouveau lors des p\u00e9riodes d&rsquo;arr\u00eats.<\/li>\n<\/ul>\n<\/li>\n<\/ul>\n<div data-canvas-width=\"44.92497603001009\" data-angle=\"0\" data-font-name=\"g_font_4\">Apr\u00e8s plusieurs r\u00e9unions et rencontres avec la Ciesac, il a \u00e9t\u00e9 d\u00e9cid\u00e9 de faire un bon dans le temps au site et d&rsquo;installer une petite turbine hydraulique \u00e0 l&rsquo;aval de la roue.<\/div>\n<div data-canvas-width=\"44.92497603001009\" data-angle=\"0\" data-font-name=\"g_font_4\"><\/div>\n<div data-canvas-width=\"44.92497603001009\" data-angle=\"0\" data-font-name=\"g_font_4\">Les avantages sont multiples:<\/div>\n<ul>\n<li style=\"list-style-type: none;\">\n<ul>\n<li style=\"list-style-type: none;\">\n<ul>\n<li data-canvas-width=\"44.92497603001009\" data-angle=\"0\" data-font-name=\"g_font_4\">turbine calcul\u00e9e pour fonctionner avec le d\u00e9bit actuel<\/li>\n<\/ul>\n<\/li>\n<\/ul>\n<ul>\n<li style=\"list-style-type: none;\">\n<ul>\n<li data-canvas-width=\"44.92497603001009\" data-angle=\"0\" data-font-name=\"g_font_4\">mat\u00e9riel simple et robuste (turbine Banki pr\u00e9vue)<\/li>\n<\/ul>\n<\/li>\n<\/ul>\n<ul>\n<li style=\"list-style-type: none;\">\n<ul>\n<li data-canvas-width=\"44.92497603001009\" data-angle=\"0\" data-font-name=\"g_font_4\">maintenance et nuisances sonores moindres que la roue<\/li>\n<\/ul>\n<\/li>\n<\/ul>\n<ul>\n<li style=\"list-style-type: none;\">\n<ul>\n<li data-canvas-width=\"44.92497603001009\" data-angle=\"0\" data-font-name=\"g_font_4\">conservation du patrimoine (pas de modifications dans la salle des pompes ni aux vannes). Juste un tuyau traversera la roue pour alimenter la turbine<\/li>\n<\/ul>\n<\/li>\n<\/ul>\n<ul>\n<li style=\"list-style-type: none;\">\n<ul>\n<li data-canvas-width=\"44.92497603001009\" data-angle=\"0\" data-font-name=\"g_font_4\">int\u00e9r\u00eat didactique (deux types de machines au m\u00eame endroit)<\/li>\n<\/ul>\n<\/li>\n<\/ul>\n<ul>\n<li style=\"list-style-type: none;\">\n<ul>\n<li data-canvas-width=\"44.92497603001009\" data-angle=\"0\" data-font-name=\"g_font_4\">risques financiers moindres<\/li>\n<\/ul>\n<\/li>\n<\/ul>\n<ul>\n<li style=\"list-style-type: none;\">\n<ul>\n<li data-canvas-width=\"44.92497603001009\" data-angle=\"0\" data-font-name=\"g_font_4\">autoconsommation assur\u00e9e sur le site<\/li>\n<\/ul>\n<\/li>\n<\/ul>\n<ul>\n<li data-canvas-width=\"44.92497603001009\" data-angle=\"0\" data-font-name=\"g_font_4\">solution r\u00e9trocompatible (il suffit de retirer la turbine et la tuyauterie pour refaire tourner la roue)<\/li>\n<\/ul>\n<\/li>\n<\/ul>\n<p>Au niveau du barrage, il y aura des modifications pour permettre le passage des poissons (passe \u00e0 poissons sous forme de bassins successifs et d&rsquo;un orifice calibr\u00e9 dans une des portes du barrage. Les 2 portes seront diminu\u00e9es en hauteur pour \u00e9viter la mont\u00e9e des eaux lors de forts d\u00e9bits.<\/p>\n<p>Les discussions avec la CIESAC, propri\u00e9taire du site, devraient permettre de trouver un accord et d\u2019introduire une demande d\u2019autorisation de modification de cours d\u2019eau avant la fin 2019.<\/p>\n<p>Page mise \u00e0 jour le 3\/3\/2019<\/p>\n<p><code>\t\t\t\t\t\t<div class=\"gallery_box_single\">\n\t\t\t\t\t\t\t\t\t\t\t\t\t\t\t<div class=\"gallery gllr_grid\" data-gllr-columns=\"3\" data-gllr-border-width=\"10\">\n\t\t\t\t\t\t\t\t\t\t\t\t\t\t\t\t\t\t\t\t<div class=\"gllr_image_row\">\n\t\t\t\t\t\t\t\t\t\t\t\t\t\t\t\t\t\t\t\t\t<div class=\"gllr_image_block\">\n\t\t\t\t\t\t\t\t\t\t\t\t<p style=\"\n\t\t\t\t\t\t\t\t\t\t\t\twidth:140px;height:100px;\t\t\t\t\t\t\t\t\t\t\t\t\">\n\t\t\t\t\t\t\t\t\t\t\t\t\t\t\t\t\t\t\t\t\t\t\t\t\t\t\t\t<a data-fancybox=\"gallery_fancybox_446\" href=\"https:\/\/coopcec.be\/wcec\/cec-content\/uploads\/2014\/12\/Vue-GoogleMap-avec-plan-superpose.jpg\" title=\"Les Avins Vue Google Map\" >\n\t\t\t\t\t\t\t\t\t\t\t\t\t\t\t\t<img decoding=\"async\" width=&quot;120&quot; height=&quot;80&quot; style=\"width:120px; height:80px; border-width: 10px; border-color:#f1f1f1;border: 10px solid #f1f1f1\" alt=\"Les Avins Vue Google Map\" title=\"Les Avins Vue Google Map\" src=\"https:\/\/coopcec.be\/wcec\/cec-content\/uploads\/2014\/12\/Vue-GoogleMap-avec-plan-superpose-120x80.jpg\" rel=\"https:\/\/coopcec.be\/wcec\/cec-content\/uploads\/2014\/12\/Vue-GoogleMap-avec-plan-superpose.jpg\" \/>\t\t\t\t\t\t\t\t\t\t\t\t\t\t\t<\/a>\n\t\t\t\t\t\t\t\t\t\t\t\t\t\t\t\t\t\t\t\t\t\t\t\t\t\t<\/p>\n\t\t\t\t\t\t\t\t\t\t\t\t\t\t\t\t\t\t\t\t\t\t\t\t\t<div \n\t\t\t\t\t\t\t\t\t\t\t\t\tstyle=\"width:140px;\"\t\t\t\t\t\t\t\t\t\t\t\t\tclass=\"gllr_single_image_text gllr_single_image_text_under\">Les Avins Vue Google Map&nbsp;<\/div>\n\t\t\t\t\t\t\t\t\t\t\t\t\t\t\t\t\t\t\t\t\t\t\t<\/div><!-- .gllr_image_block -->\n\t\t\t\t\t\t\t\t\t\t\t\t\t\t\t\t\t\t\t\t\t<div class=\"gllr_image_block\">\n\t\t\t\t\t\t\t\t\t\t\t\t<p style=\"\n\t\t\t\t\t\t\t\t\t\t\t\twidth:140px;height:100px;\t\t\t\t\t\t\t\t\t\t\t\t\">\n\t\t\t\t\t\t\t\t\t\t\t\t\t\t\t\t\t\t\t\t\t\t\t\t\t\t\t\t<a data-fancybox=\"gallery_fancybox_446\" href=\"https:\/\/coopcec.be\/wcec\/cec-content\/uploads\/2014\/12\/Vue-exterieure-batiment-cote-parking.jpg\" title=\"Les Avins Batiment et vanne de d\u00e9charge\" >\n\t\t\t\t\t\t\t\t\t\t\t\t\t\t\t\t<img decoding=\"async\" width=&quot;120&quot; height=&quot;80&quot; style=\"width:120px; height:80px; border-width: 10px; border-color:#f1f1f1;border: 10px solid #f1f1f1\" alt=\"Les Avins Batiment et vanne de d\u00e9charge\" title=\"Les Avins Batiment et vanne de d\u00e9charge\" src=\"https:\/\/coopcec.be\/wcec\/cec-content\/uploads\/2014\/12\/Vue-exterieure-batiment-cote-parking-120x80.jpg\" rel=\"https:\/\/coopcec.be\/wcec\/cec-content\/uploads\/2014\/12\/Vue-exterieure-batiment-cote-parking.jpg\" \/>\t\t\t\t\t\t\t\t\t\t\t\t\t\t\t<\/a>\n\t\t\t\t\t\t\t\t\t\t\t\t\t\t\t\t\t\t\t\t\t\t\t\t\t\t<\/p>\n\t\t\t\t\t\t\t\t\t\t\t\t\t\t\t\t\t\t\t\t\t\t\t\t\t<div \n\t\t\t\t\t\t\t\t\t\t\t\t\tstyle=\"width:140px;\"\t\t\t\t\t\t\t\t\t\t\t\t\tclass=\"gllr_single_image_text gllr_single_image_text_under\">Les Avins Batiment et vanne de d\u00e9charge&nbsp;<\/div>\n\t\t\t\t\t\t\t\t\t\t\t\t\t\t\t\t\t\t\t\t\t\t\t<\/div><!-- .gllr_image_block -->\n\t\t\t\t\t\t\t\t\t\t\t\t\t\t\t\t\t\t\t\t\t<div class=\"gllr_image_block\">\n\t\t\t\t\t\t\t\t\t\t\t\t<p style=\"\n\t\t\t\t\t\t\t\t\t\t\t\twidth:140px;height:100px;\t\t\t\t\t\t\t\t\t\t\t\t\">\n\t\t\t\t\t\t\t\t\t\t\t\t\t\t\t\t\t\t\t\t\t\t\t\t\t\t\t\t<a data-fancybox=\"gallery_fancybox_446\" href=\"https:\/\/coopcec.be\/wcec\/cec-content\/uploads\/2014\/12\/Vue-vanne-isolement-bief-dans-les-plantes.jpg\" title=\"Les Avins Vanne isolement\" >\n\t\t\t\t\t\t\t\t\t\t\t\t\t\t\t\t<img decoding=\"async\" width=&quot;120&quot; height=&quot;80&quot; style=\"width:120px; height:80px; border-width: 10px; border-color:#f1f1f1;border: 10px solid #f1f1f1\" alt=\"Les Avins Vanne isolement\" title=\"Les Avins Vanne isolement\" src=\"https:\/\/coopcec.be\/wcec\/cec-content\/uploads\/2014\/12\/Vue-vanne-isolement-bief-dans-les-plantes-120x80.jpg\" rel=\"https:\/\/coopcec.be\/wcec\/cec-content\/uploads\/2014\/12\/Vue-vanne-isolement-bief-dans-les-plantes.jpg\" \/>\t\t\t\t\t\t\t\t\t\t\t\t\t\t\t<\/a>\n\t\t\t\t\t\t\t\t\t\t\t\t\t\t\t\t\t\t\t\t\t\t\t\t\t\t<\/p>\n\t\t\t\t\t\t\t\t\t\t\t\t\t\t\t\t\t\t\t\t\t\t\t\t\t<div \n\t\t\t\t\t\t\t\t\t\t\t\t\tstyle=\"width:140px;\"\t\t\t\t\t\t\t\t\t\t\t\t\tclass=\"gllr_single_image_text gllr_single_image_text_under\">Les Avins Vanne isolement&nbsp;<\/div>\n\t\t\t\t\t\t\t\t\t\t\t\t\t\t\t\t\t\t\t\t\t\t\t<\/div><!-- .gllr_image_block -->\n\t\t\t\t\t\t\t\t\t\t\t\t\t\t\t\t\t\t\t\t\t<\/div><!-- .gllr_image_row -->\n\t\t\t\t\t\t\t\t\t\t\t\t\t\t\t\t\t\t\t\t\t\t<div class=\"gllr_image_row\">\n\t\t\t\t\t\t\t\t\t\t\t\t\t\t\t\t\t\t\t\t\t<div class=\"gllr_image_block\">\n\t\t\t\t\t\t\t\t\t\t\t\t<p style=\"\n\t\t\t\t\t\t\t\t\t\t\t\twidth:140px;height:100px;\t\t\t\t\t\t\t\t\t\t\t\t\">\n\t\t\t\t\t\t\t\t\t\t\t\t\t\t\t\t\t\t\t\t\t\t\t\t\t\t\t\t<a data-fancybox=\"gallery_fancybox_446\" href=\"https:\/\/coopcec.be\/wcec\/cec-content\/uploads\/2014\/12\/Explications-de-S\u00e9bastien-dans-la-salle-des-pompes.jpg\" title=\"Les Avins La salle des pompes\" >\n\t\t\t\t\t\t\t\t\t\t\t\t\t\t\t\t<img decoding=\"async\" width=&quot;120&quot; height=&quot;80&quot; style=\"width:120px; height:80px; border-width: 10px; border-color:#f1f1f1;border: 10px solid #f1f1f1\" alt=\"Les Avins La salle des pompes\" title=\"Les Avins La salle des pompes\" src=\"https:\/\/coopcec.be\/wcec\/cec-content\/uploads\/2014\/12\/Explications-de-S\u00e9bastien-dans-la-salle-des-pompes-120x80.jpg\" rel=\"https:\/\/coopcec.be\/wcec\/cec-content\/uploads\/2014\/12\/Explications-de-S\u00e9bastien-dans-la-salle-des-pompes.jpg\" \/>\t\t\t\t\t\t\t\t\t\t\t\t\t\t\t<\/a>\n\t\t\t\t\t\t\t\t\t\t\t\t\t\t\t\t\t\t\t\t\t\t\t\t\t\t<\/p>\n\t\t\t\t\t\t\t\t\t\t\t\t\t\t\t\t\t\t\t\t\t\t\t\t\t<div \n\t\t\t\t\t\t\t\t\t\t\t\t\tstyle=\"width:140px;\"\t\t\t\t\t\t\t\t\t\t\t\t\tclass=\"gllr_single_image_text gllr_single_image_text_under\">Les Avins La salle des pompes&nbsp;<\/div>\n\t\t\t\t\t\t\t\t\t\t\t\t\t\t\t\t\t\t\t\t\t\t\t<\/div><!-- .gllr_image_block -->\n\t\t\t\t\t\t\t\t\t\t\t\t\t\t\t\t\t\t\t\t\t<div class=\"gllr_image_block\">\n\t\t\t\t\t\t\t\t\t\t\t\t<p style=\"\n\t\t\t\t\t\t\t\t\t\t\t\twidth:140px;height:100px;\t\t\t\t\t\t\t\t\t\t\t\t\">\n\t\t\t\t\t\t\t\t\t\t\t\t\t\t\t\t\t\t\t\t\t\t\t\t\t\t\t\t<a data-fancybox=\"gallery_fancybox_446\" href=\"https:\/\/coopcec.be\/wcec\/cec-content\/uploads\/2014\/12\/V-ue-de-la-roue-depuis-l-aval.jpg\" title=\"Les Avins Roue Sagebien vue aval\" >\n\t\t\t\t\t\t\t\t\t\t\t\t\t\t\t\t<img decoding=\"async\" width=&quot;120&quot; height=&quot;80&quot; style=\"width:120px; height:80px; border-width: 10px; border-color:#f1f1f1;border: 10px solid #f1f1f1\" alt=\"Les Avins Roue Sagebien vue aval\" title=\"Les Avins Roue Sagebien vue aval\" src=\"https:\/\/coopcec.be\/wcec\/cec-content\/uploads\/2014\/12\/V-ue-de-la-roue-depuis-l-aval.jpg\" rel=\"https:\/\/coopcec.be\/wcec\/cec-content\/uploads\/2014\/12\/V-ue-de-la-roue-depuis-l-aval.jpg\" \/>\t\t\t\t\t\t\t\t\t\t\t\t\t\t\t<\/a>\n\t\t\t\t\t\t\t\t\t\t\t\t\t\t\t\t\t\t\t\t\t\t\t\t\t\t<\/p>\n\t\t\t\t\t\t\t\t\t\t\t\t\t\t\t\t\t\t\t\t\t\t\t\t\t<div \n\t\t\t\t\t\t\t\t\t\t\t\t\tstyle=\"width:140px;\"\t\t\t\t\t\t\t\t\t\t\t\t\tclass=\"gllr_single_image_text gllr_single_image_text_under\">Les Avins Roue Sagebien vue aval&nbsp;<\/div>\n\t\t\t\t\t\t\t\t\t\t\t\t\t\t\t\t\t\t\t\t\t\t\t<\/div><!-- .gllr_image_block -->\n\t\t\t\t\t\t\t\t\t\t\t\t\t\t\t\t\t\t\t\t\t<div class=\"gllr_image_block\">\n\t\t\t\t\t\t\t\t\t\t\t\t<p style=\"\n\t\t\t\t\t\t\t\t\t\t\t\twidth:140px;height:100px;\t\t\t\t\t\t\t\t\t\t\t\t\">\n\t\t\t\t\t\t\t\t\t\t\t\t\t\t\t\t\t\t\t\t\t\t\t\t\t\t\t\t<a data-fancybox=\"gallery_fancybox_446\" href=\"https:\/\/coopcec.be\/wcec\/cec-content\/uploads\/2014\/12\/Barrage-avec-ses-vannes-a-restaurer.jpg\" title=\"Les Avins Le barrage\" >\n\t\t\t\t\t\t\t\t\t\t\t\t\t\t\t\t<img decoding=\"async\" width=&quot;120&quot; height=&quot;80&quot; style=\"width:120px; height:80px; border-width: 10px; border-color:#f1f1f1;border: 10px solid #f1f1f1\" alt=\"Les Avins Le barrage\" title=\"Les Avins Le barrage\" src=\"https:\/\/coopcec.be\/wcec\/cec-content\/uploads\/2014\/12\/Barrage-avec-ses-vannes-a-restaurer-120x80.jpg\" rel=\"https:\/\/coopcec.be\/wcec\/cec-content\/uploads\/2014\/12\/Barrage-avec-ses-vannes-a-restaurer.jpg\" \/>\t\t\t\t\t\t\t\t\t\t\t\t\t\t\t<\/a>\n\t\t\t\t\t\t\t\t\t\t\t\t\t\t\t\t\t\t\t\t\t\t\t\t\t\t<\/p>\n\t\t\t\t\t\t\t\t\t\t\t\t\t\t\t\t\t\t\t\t\t\t\t\t\t<div \n\t\t\t\t\t\t\t\t\t\t\t\t\tstyle=\"width:140px;\"\t\t\t\t\t\t\t\t\t\t\t\t\tclass=\"gllr_single_image_text gllr_single_image_text_under\">Les Avins Le barrage&nbsp;<\/div>\n\t\t\t\t\t\t\t\t\t\t\t\t\t\t\t\t\t\t\t\t\t\t\t<\/div><!-- .gllr_image_block -->\n\t\t\t\t\t\t\t\t\t\t\t\t\t\t\t\t\t\t\t\t\t<\/div><!-- .gllr_image_row -->\n\t\t\t\t\t\t\t\t\t\t\t\t\t\t\t\t\t\t\t\t\t\t<div class=\"gllr_image_row\">\n\t\t\t\t\t\t\t\t\t\t\t\t\t\t\t\t\t\t\t\t\t<div class=\"gllr_image_block\">\n\t\t\t\t\t\t\t\t\t\t\t\t<p style=\"\n\t\t\t\t\t\t\t\t\t\t\t\twidth:140px;height:100px;\t\t\t\t\t\t\t\t\t\t\t\t\">\n\t\t\t\t\t\t\t\t\t\t\t\t\t\t\t\t\t\t\t\t\t\t\t\t\t\t\t\t<a data-fancybox=\"gallery_fancybox_446\" href=\"https:\/\/coopcec.be\/wcec\/cec-content\/uploads\/2014\/12\/Les-Avins-1ers-pignons-1024px.jpg\" title=\"Les Avins Pignons\" >\n\t\t\t\t\t\t\t\t\t\t\t\t\t\t\t\t<img decoding=\"async\" width=&quot;120&quot; height=&quot;80&quot; style=\"width:120px; height:80px; border-width: 10px; border-color:#f1f1f1;border: 10px solid #f1f1f1\" alt=\"Les Avins Pignons\" title=\"Les Avins Pignons\" src=\"https:\/\/coopcec.be\/wcec\/cec-content\/uploads\/2014\/12\/Les-Avins-1ers-pignons-1024px-120x80.jpg\" rel=\"https:\/\/coopcec.be\/wcec\/cec-content\/uploads\/2014\/12\/Les-Avins-1ers-pignons-1024px.jpg\" \/>\t\t\t\t\t\t\t\t\t\t\t\t\t\t\t<\/a>\n\t\t\t\t\t\t\t\t\t\t\t\t\t\t\t\t\t\t\t\t\t\t\t\t\t\t<\/p>\n\t\t\t\t\t\t\t\t\t\t\t\t\t\t\t\t\t\t\t\t\t\t\t\t\t<div \n\t\t\t\t\t\t\t\t\t\t\t\t\tstyle=\"width:140px;\"\t\t\t\t\t\t\t\t\t\t\t\t\tclass=\"gllr_single_image_text gllr_single_image_text_under\">Les Avins Pignons&nbsp;<\/div>\n\t\t\t\t\t\t\t\t\t\t\t\t\t\t\t\t\t\t\t\t\t\t\t<\/div><!-- .gllr_image_block -->\n\t\t\t\t\t\t\t\t\t\t\t\t\t\t\t\t\t\t\t\t\t<div class=\"gllr_image_block\">\n\t\t\t\t\t\t\t\t\t\t\t\t<p style=\"\n\t\t\t\t\t\t\t\t\t\t\t\twidth:140px;height:100px;\t\t\t\t\t\t\t\t\t\t\t\t\">\n\t\t\t\t\t\t\t\t\t\t\t\t\t\t\t\t\t\t\t\t\t\t\t\t\t\t\t\t<a data-fancybox=\"gallery_fancybox_446\" href=\"https:\/\/coopcec.be\/wcec\/cec-content\/uploads\/2014\/12\/HDR-Roue-depuis-coin-amont1024.jpg\" title=\"Les Avins Roue Sagebien avec sa vanne r\u00e9glante\" >\n\t\t\t\t\t\t\t\t\t\t\t\t\t\t\t\t<img decoding=\"async\" width=&quot;120&quot; height=&quot;80&quot; style=\"width:120px; height:80px; border-width: 10px; border-color:#f1f1f1;border: 10px solid #f1f1f1\" alt=\"Les Avins Roue Sagebien avec sa vanne r\u00e9glante\" title=\"Les Avins Roue Sagebien avec sa vanne r\u00e9glante\" src=\"https:\/\/coopcec.be\/wcec\/cec-content\/uploads\/2014\/12\/HDR-Roue-depuis-coin-amont1024-120x80.jpg\" rel=\"https:\/\/coopcec.be\/wcec\/cec-content\/uploads\/2014\/12\/HDR-Roue-depuis-coin-amont1024.jpg\" \/>\t\t\t\t\t\t\t\t\t\t\t\t\t\t\t<\/a>\n\t\t\t\t\t\t\t\t\t\t\t\t\t\t\t\t\t\t\t\t\t\t\t\t\t\t<\/p>\n\t\t\t\t\t\t\t\t\t\t\t\t\t\t\t\t\t\t\t\t\t\t\t\t\t<div \n\t\t\t\t\t\t\t\t\t\t\t\t\tstyle=\"width:140px;\"\t\t\t\t\t\t\t\t\t\t\t\t\tclass=\"gllr_single_image_text gllr_single_image_text_under\">Les Avins Roue Sagebien avec sa vanne r\u00e9glante&nbsp;<\/div>\n\t\t\t\t\t\t\t\t\t\t\t\t\t\t\t\t\t\t\t\t\t\t\t<\/div><!-- .gllr_image_block -->\n\t\t\t\t\t\t\t\t\t\t\t\t\t\t\t\t\t\t\t\t\t<div class=\"gllr_image_block\">\n\t\t\t\t\t\t\t\t\t\t\t\t<p style=\"\n\t\t\t\t\t\t\t\t\t\t\t\twidth:140px;height:100px;\t\t\t\t\t\t\t\t\t\t\t\t\">\n\t\t\t\t\t\t\t\t\t\t\t\t\t\t\t\t\t\t\t\t\t\t\t\t\t\t\t\t<a data-fancybox=\"gallery_fancybox_446\" href=\"https:\/\/coopcec.be\/wcec\/cec-content\/uploads\/2014\/12\/Les-Avins-Vanne-isolemen-1024pxt.jpg\" title=\"Les Avins Vanne isolement de la roue\" >\n\t\t\t\t\t\t\t\t\t\t\t\t\t\t\t\t<img decoding=\"async\" width=&quot;120&quot; height=&quot;80&quot; style=\"width:120px; height:80px; border-width: 10px; border-color:#f1f1f1;border: 10px solid #f1f1f1\" alt=\"Les Avins Vanne isolement de la roue\" title=\"Les Avins Vanne isolement de la roue\" src=\"https:\/\/coopcec.be\/wcec\/cec-content\/uploads\/2014\/12\/Les-Avins-Vanne-isolemen-1024pxt-120x80.jpg\" rel=\"https:\/\/coopcec.be\/wcec\/cec-content\/uploads\/2014\/12\/Les-Avins-Vanne-isolemen-1024pxt.jpg\" \/>\t\t\t\t\t\t\t\t\t\t\t\t\t\t\t<\/a>\n\t\t\t\t\t\t\t\t\t\t\t\t\t\t\t\t\t\t\t\t\t\t\t\t\t\t<\/p>\n\t\t\t\t\t\t\t\t\t\t\t\t\t\t\t\t\t\t\t\t\t\t\t\t\t<div \n\t\t\t\t\t\t\t\t\t\t\t\t\tstyle=\"width:140px;\"\t\t\t\t\t\t\t\t\t\t\t\t\tclass=\"gllr_single_image_text gllr_single_image_text_under\">Les Avins Vanne isolement de la roue&nbsp;<\/div>\n\t\t\t\t\t\t\t\t\t\t\t\t\t\t\t\t\t\t\t\t\t\t\t<\/div><!-- .gllr_image_block -->\n\t\t\t\t\t\t\t\t\t\t\t\t\t\t\t\t\t\t\t\t\t<\/div><!-- .gllr_image_row -->\n\t\t\t\t\t\t\t\t\t\t\t\t\t\t\t\t\t\t\t\t\t\t<div class=\"gllr_image_row\">\n\t\t\t\t\t\t\t\t\t\t\t\t\t\t\t\t\t\t\t\t\t<div class=\"gllr_image_block\">\n\t\t\t\t\t\t\t\t\t\t\t\t<p style=\"\n\t\t\t\t\t\t\t\t\t\t\t\twidth:140px;height:100px;\t\t\t\t\t\t\t\t\t\t\t\t\">\n\t\t\t\t\t\t\t\t\t\t\t\t\t\t\t\t\t\t\t\t\t\t\t\t\t\t\t\t<a data-fancybox=\"gallery_fancybox_446\" href=\"https:\/\/coopcec.be\/wcec\/cec-content\/uploads\/2014\/12\/Les-avins-Rejet-eau-depuis-champ-1024px.JPG\" title=\"Les Avins Batiment sortie de l&#039;eau\" >\n\t\t\t\t\t\t\t\t\t\t\t\t\t\t\t\t<img decoding=\"async\" width=&quot;120&quot; height=&quot;80&quot; style=\"width:120px; height:80px; border-width: 10px; border-color:#f1f1f1;border: 10px solid #f1f1f1\" alt=\"Les Avins Batiment sortie de l&#039;eau\" title=\"Les Avins Batiment sortie de l&#039;eau\" src=\"https:\/\/coopcec.be\/wcec\/cec-content\/uploads\/2014\/12\/Les-avins-Rejet-eau-depuis-champ-1024px-120x80.jpg\" rel=\"https:\/\/coopcec.be\/wcec\/cec-content\/uploads\/2014\/12\/Les-avins-Rejet-eau-depuis-champ-1024px.JPG\" \/>\t\t\t\t\t\t\t\t\t\t\t\t\t\t\t<\/a>\n\t\t\t\t\t\t\t\t\t\t\t\t\t\t\t\t\t\t\t\t\t\t\t\t\t\t<\/p>\n\t\t\t\t\t\t\t\t\t\t\t\t\t\t\t\t\t\t\t\t\t\t\t\t\t<div \n\t\t\t\t\t\t\t\t\t\t\t\t\tstyle=\"width:140px;\"\t\t\t\t\t\t\t\t\t\t\t\t\tclass=\"gllr_single_image_text gllr_single_image_text_under\">Les Avins Batiment sortie de l&#039;eau&nbsp;<\/div>\n\t\t\t\t\t\t\t\t\t\t\t\t\t\t\t\t\t\t\t\t\t\t\t<\/div><!-- .gllr_image_block -->\n\t\t\t\t\t\t\t\t\t\t\t\t\t\t\t\t\t\t\t\t\t<div class=\"clear\"><\/div>\n\t\t\t\t\t\t\t\t\t\t<\/div><!-- .gllr_image_row -->\n\t\t\t\t\t\t\t\t\t\t\t\t\t\t\t\t\t<\/div><!-- .gallery.clearfix -->\n\t\t\t\t\t\t\t\t\t\t\t\t\t\t<\/div><!-- .gallery_box_single -->\n\t\t\t\t\t\t<div class=\"gllr_clear\"><\/div>\n\t\t\t\t\t\t<\/code><\/p>\n","protected":false},"excerpt":{"rendered":"<p>Centrale hydro\u00e9lectrique de \u201cLes Avins\u201d (Clavier) L\u2019ancienne roue \u00e0 aubes Sagebien de 9m20 de diam\u00e8tre de Les Avins (une des plus grandes de Belgique) sur la commune de Clavier a <a class=\"more-link\" href=\"https:\/\/coopcec.be\/wcec\/gallery\/les-avins\/\">Continuer la lecture \u2192<\/a><\/p>\n","protected":false},"author":3,"featured_media":1065,"parent":20,"menu_order":3,"comment_status":"closed","ping_status":"open","template":"","meta":{"footnotes":""},"class_list":["post-235","page","type-page","status-publish","has-post-thumbnail","hentry"],"aioseo_notices":[],"_links":{"self":[{"href":"https:\/\/coopcec.be\/wcec\/wp-json\/wp\/v2\/pages\/235","targetHints":{"allow":["GET"]}}],"collection":[{"href":"https:\/\/coopcec.be\/wcec\/wp-json\/wp\/v2\/pages"}],"about":[{"href":"https:\/\/coopcec.be\/wcec\/wp-json\/wp\/v2\/types\/page"}],"author":[{"embeddable":true,"href":"https:\/\/coopcec.be\/wcec\/wp-json\/wp\/v2\/users\/3"}],"replies":[{"embeddable":true,"href":"https:\/\/coopcec.be\/wcec\/wp-json\/wp\/v2\/comments?post=235"}],"version-history":[{"count":11,"href":"https:\/\/coopcec.be\/wcec\/wp-json\/wp\/v2\/pages\/235\/revisions"}],"predecessor-version":[{"id":1815,"href":"https:\/\/coopcec.be\/wcec\/wp-json\/wp\/v2\/pages\/235\/revisions\/1815"}],"up":[{"embeddable":true,"href":"https:\/\/coopcec.be\/wcec\/wp-json\/wp\/v2\/pages\/20"}],"wp:featuredmedia":[{"embeddable":true,"href":"https:\/\/coopcec.be\/wcec\/wp-json\/wp\/v2\/media\/1065"}],"wp:attachment":[{"href":"https:\/\/coopcec.be\/wcec\/wp-json\/wp\/v2\/media?parent=235"}],"curies":[{"name":"wp","href":"https:\/\/api.w.org\/{rel}","templated":true}]}}