{"id":2259,"date":"2022-12-26T20:54:06","date_gmt":"2022-12-26T19:54:06","guid":{"rendered":"https:\/\/coopcec.be\/wcec\/?page_id=2259"},"modified":"2022-12-26T20:54:07","modified_gmt":"2022-12-26T19:54:07","slug":"nouveau_cooperateur_personne_physique_mineure","status":"publish","type":"page","link":"https:\/\/coopcec.be\/wcec\/nouveau_cooperateur_personne_physique_mineure\/","title":{"rendered":"Nouveau_coop\u00e9rateur_personne_physique_mineure"},"content":{"rendered":"<div class=\"wpforms-container wpforms-container-full wpforms-block\" id=\"wpforms-2248\"><form id=\"wpforms-form-2248\" class=\"wpforms-validate wpforms-form\" data-formid=\"2248\" method=\"post\" enctype=\"multipart\/form-data\" action=\"\/wcec\/wp-json\/wp\/v2\/pages\/2259\" data-token=\"1ebb2453ac95518f403ecdc3c6051a48\" data-token-time=\"1778777248\"><noscript class=\"wpforms-error-noscript\">Veuillez activer JavaScript dans votre navigateur pour remplir ce formulaire.<\/noscript><div class=\"wpforms-field-container\"><div id=\"wpforms-2248-field_1-container\" class=\"wpforms-field wpforms-field-radio wpforms-list-inline\" data-field-id=\"1\"><label class=\"wpforms-field-label wpforms-label-hide\">Sexe<\/label><ul id=\"wpforms-2248-field_1\"><li class=\"choice-0 depth-1\"><input type=\"radio\" id=\"wpforms-2248-field_1_0\" name=\"wpforms[fields][1]\" value=\"Mme\"  ><label class=\"wpforms-field-label-inline\" for=\"wpforms-2248-field_1_0\">Mme<\/label><\/li><li class=\"choice-1 depth-1\"><input type=\"radio\" id=\"wpforms-2248-field_1_1\" name=\"wpforms[fields][1]\" value=\"Mr\"  ><label class=\"wpforms-field-label-inline\" for=\"wpforms-2248-field_1_1\">Mr<\/label><\/li><li class=\"choice-2 depth-1\"><input type=\"radio\" id=\"wpforms-2248-field_1_2\" name=\"wpforms[fields][1]\" value=\"s.o.\"  ><label class=\"wpforms-field-label-inline\" for=\"wpforms-2248-field_1_2\">s.o.<\/label><\/li><\/ul><\/div><div id=\"wpforms-2248-field_18-container\" class=\"wpforms-field wpforms-field-name\" data-field-id=\"18\"><label class=\"wpforms-field-label wpforms-label-hide\" for=\"wpforms-2248-field_18\">Nom <span class=\"wpforms-required-label\">*<\/span><\/label><div class=\"wpforms-field-row wpforms-field-large\"><div class=\"wpforms-field-row-block wpforms-first wpforms-one-half\"><input type=\"text\" id=\"wpforms-2248-field_18\" class=\"wpforms-field-name-first wpforms-field-required\" name=\"wpforms[fields][18][first]\" placeholder=\"Pr\u00e9nom du jeune coop\u00e9rateur*\" required><label for=\"wpforms-2248-field_18\" class=\"wpforms-field-sublabel after wpforms-sublabel-hide\">Pr\u00e9nom<\/label><\/div><div class=\"wpforms-field-row-block wpforms-one-half\"><input type=\"text\" id=\"wpforms-2248-field_18-last\" class=\"wpforms-field-name-last wpforms-field-required\" name=\"wpforms[fields][18][last]\" placeholder=\"Nom du jeune coop\u00e9rateur*\" required><label for=\"wpforms-2248-field_18-last\" class=\"wpforms-field-sublabel after wpforms-sublabel-hide\">Nom<\/label><\/div><\/div><\/div><div id=\"wpforms-2248-field_4-container\" class=\"wpforms-field wpforms-field-text wpforms-two-fourths wpforms-first\" data-field-id=\"4\"><label class=\"wpforms-field-label wpforms-label-hide\" for=\"wpforms-2248-field_4\">Rue <span class=\"wpforms-required-label\">*<\/span><\/label><input type=\"text\" id=\"wpforms-2248-field_4\" class=\"wpforms-field-large wpforms-field-required\" name=\"wpforms[fields][4]\" placeholder=\"Rue*\" required><\/div><div id=\"wpforms-2248-field_5-container\" class=\"wpforms-field wpforms-field-text wpforms-one-fourth\" data-field-id=\"5\"><label class=\"wpforms-field-label wpforms-label-hide\" for=\"wpforms-2248-field_5\">Num\u00e9ro <span class=\"wpforms-required-label\">*<\/span><\/label><input type=\"text\" id=\"wpforms-2248-field_5\" class=\"wpforms-field-medium wpforms-field-required\" name=\"wpforms[fields][5]\" placeholder=\"Num\u00e9ro*\" required><\/div><div id=\"wpforms-2248-field_6-container\" class=\"wpforms-field wpforms-field-text wpforms-one-fourth\" data-field-id=\"6\"><label class=\"wpforms-field-label wpforms-label-hide\" for=\"wpforms-2248-field_6\">Boite<\/label><input type=\"text\" id=\"wpforms-2248-field_6\" class=\"wpforms-field-medium\" name=\"wpforms[fields][6]\" placeholder=\"Boite\" ><\/div><div id=\"wpforms-2248-field_7-container\" class=\"wpforms-field wpforms-field-text wpforms-one-third wpforms-first\" data-field-id=\"7\"><label class=\"wpforms-field-label wpforms-label-hide\" for=\"wpforms-2248-field_7\">Code postal <span class=\"wpforms-required-label\">*<\/span><\/label><input type=\"text\" id=\"wpforms-2248-field_7\" class=\"wpforms-field-large wpforms-field-required\" name=\"wpforms[fields][7]\" placeholder=\"Code Postal*\" required><\/div><div id=\"wpforms-2248-field_8-container\" class=\"wpforms-field wpforms-field-text wpforms-two-thirds\" data-field-id=\"8\"><label class=\"wpforms-field-label wpforms-label-hide\" for=\"wpforms-2248-field_8\">Ville <span class=\"wpforms-required-label\">*<\/span><\/label><input type=\"text\" id=\"wpforms-2248-field_8\" class=\"wpforms-field-large wpforms-field-required\" name=\"wpforms[fields][8]\" placeholder=\"Ville*\" required><\/div><div id=\"wpforms-2248-field_9-container\" class=\"wpforms-field wpforms-field-text\" data-field-id=\"9\"><label class=\"wpforms-field-label wpforms-label-hide\" for=\"wpforms-2248-field_9\">Numregnat <span class=\"wpforms-required-label\">*<\/span><\/label><input type=\"text\" id=\"wpforms-2248-field_9\" class=\"wpforms-field-medium wpforms-field-required\" name=\"wpforms[fields][9]\" placeholder=\"Num\u00e9ro de registre national*\" required><\/div><div id=\"wpforms-2248-field_19-container\" class=\"wpforms-field wpforms-field-email\" data-field-id=\"19\"><label class=\"wpforms-field-label wpforms-label-hide\" for=\"wpforms-2248-field_19\">E-mail <span class=\"wpforms-required-label\">*<\/span><\/label><div class=\"wpforms-field-row wpforms-field-large\"><div class=\"wpforms-field-row-block wpforms-one-half wpforms-first\"><input type=\"email\" id=\"wpforms-2248-field_19\" class=\"wpforms-field-required wpforms-field-email-primary\" name=\"wpforms[fields][19][primary]\" placeholder=\"Votre Email ou celui du tuteur*\" spellcheck=\"false\" required><label for=\"wpforms-2248-field_19\" class=\"wpforms-field-sublabel after wpforms-sublabel-hide\">E-mail<\/label><\/div><div class=\"wpforms-field-row-block wpforms-one-half\"><input type=\"email\" id=\"wpforms-2248-field_19-secondary\" class=\"wpforms-field-email-secondary wpforms-field-required\" data-rule-confirm=\"#wpforms-2248-field_19\" name=\"wpforms[fields][19][secondary]\" placeholder=\"Confirmer votre Email svp\" spellcheck=\"false\" required><label for=\"wpforms-2248-field_19-secondary\" class=\"wpforms-field-sublabel after wpforms-sublabel-hide\">Confirmez l\u2019e-mail<\/label><\/div><\/div><\/div><div id=\"wpforms-2248-field_22-container\" class=\"wpforms-field wpforms-field-text wpforms-one-half wpforms-first\" data-field-id=\"22\"><label class=\"wpforms-field-label wpforms-label-hide\" for=\"wpforms-2248-field_22\">T\u00e9l\u00e9phone\/GSM<\/label><input type=\"text\" id=\"wpforms-2248-field_22\" class=\"wpforms-field-large\" name=\"wpforms[fields][22]\" placeholder=\"T\u00e9l\u00e9phone\/GSM ou celui du tuteur\" ><\/div><div id=\"wpforms-2248-field_12-container\" class=\"wpforms-field wpforms-field-text wpforms-one-half\" data-field-id=\"12\"><label class=\"wpforms-field-label wpforms-label-hide\" for=\"wpforms-2248-field_12\">Numcompte <span class=\"wpforms-required-label\">*<\/span><\/label><input type=\"text\" id=\"wpforms-2248-field_12\" class=\"wpforms-field-large wpforms-field-required\" name=\"wpforms[fields][12]\" placeholder=\"Votre num\u00e9ro de compte bancaire*\" required><\/div><div id=\"wpforms-2248-field_21-container\" class=\"wpforms-field wpforms-field-number-slider\" data-field-id=\"21\"><label class=\"wpforms-field-label\" for=\"wpforms-2248-field_21\">Nombre de parts<\/label>\n<input\n\ttype=\"range\"\n\tid=\"wpforms-2248-field_21\" class=\"wpforms-field-medium\" name=\"wpforms[fields][21]\" value=\"1\"\t\tmin=\"1\"\n\tmax=\"20\"\n\tstep=\"1\">\n\n<div class=\"wpforms-field-number-slider-hint\"\n\tdata-hint=\"Valeur s\u00e9lectionn\u00e9e\u00a0: {value}\">\n\tValeur s\u00e9lectionn\u00e9e\u00a0: <b>1<\/b><\/div>\n<div class=\"wpforms-field-description\">Le nombre de parts est limit\u00e9 \u00e0 20 par coop\u00e9rateur<\/div><\/div><div id=\"wpforms-2248-field_35-container\" class=\"wpforms-field wpforms-field-radio wpforms-list-inline\" data-field-id=\"35\"><label class=\"wpforms-field-label wpforms-label-hide\">Sexe du tuteur <span class=\"wpforms-required-label\">*<\/span><\/label><ul id=\"wpforms-2248-field_35\" class=\"wpforms-field-required\"><li class=\"choice-0 depth-1\"><input type=\"radio\" id=\"wpforms-2248-field_35_0\" name=\"wpforms[fields][35]\" value=\"Mme\" required ><label class=\"wpforms-field-label-inline\" for=\"wpforms-2248-field_35_0\">Mme<\/label><\/li><li class=\"choice-1 depth-1\"><input type=\"radio\" id=\"wpforms-2248-field_35_1\" name=\"wpforms[fields][35]\" value=\"Mr\" required ><label class=\"wpforms-field-label-inline\" for=\"wpforms-2248-field_35_1\">Mr<\/label><\/li><li class=\"choice-2 depth-1\"><input type=\"radio\" id=\"wpforms-2248-field_35_2\" name=\"wpforms[fields][35]\" value=\"s.o.\" required ><label class=\"wpforms-field-label-inline\" for=\"wpforms-2248-field_35_2\">s.o.<\/label><\/li><\/ul><\/div><div id=\"wpforms-2248-field_26-container\" class=\"wpforms-field wpforms-field-name\" data-field-id=\"26\"><label class=\"wpforms-field-label\" for=\"wpforms-2248-field_26\">Nom du tuteur <span class=\"wpforms-required-label\">*<\/span><\/label><div class=\"wpforms-field-row wpforms-field-large\"><div class=\"wpforms-field-row-block wpforms-first wpforms-one-half\"><input type=\"text\" id=\"wpforms-2248-field_26\" class=\"wpforms-field-name-first wpforms-field-required\" name=\"wpforms[fields][26][first]\" placeholder=\"Pr\u00e9nom du tuteur*\" required><label for=\"wpforms-2248-field_26\" class=\"wpforms-field-sublabel after wpforms-sublabel-hide\">Pr\u00e9nom<\/label><\/div><div class=\"wpforms-field-row-block wpforms-one-half\"><input type=\"text\" id=\"wpforms-2248-field_26-last\" class=\"wpforms-field-name-last wpforms-field-required\" name=\"wpforms[fields][26][last]\" placeholder=\"Nom du tuteur*\" required><label for=\"wpforms-2248-field_26-last\" class=\"wpforms-field-sublabel after wpforms-sublabel-hide\">Nom<\/label><\/div><\/div><\/div><div id=\"wpforms-2248-field_27-container\" class=\"wpforms-field wpforms-field-text wpforms-two-fourths wpforms-first\" data-field-id=\"27\"><label class=\"wpforms-field-label wpforms-label-hide\" for=\"wpforms-2248-field_27\">Rue du tuteur <span class=\"wpforms-required-label\">*<\/span><\/label><input type=\"text\" id=\"wpforms-2248-field_27\" class=\"wpforms-field-large wpforms-field-required\" name=\"wpforms[fields][27]\" placeholder=\"Rue du tuteur*\" required><\/div><div id=\"wpforms-2248-field_28-container\" class=\"wpforms-field wpforms-field-text wpforms-one-fourth\" data-field-id=\"28\"><label class=\"wpforms-field-label wpforms-label-hide\" for=\"wpforms-2248-field_28\">Num\u00e9ro du tuteur <span class=\"wpforms-required-label\">*<\/span><\/label><input type=\"text\" id=\"wpforms-2248-field_28\" class=\"wpforms-field-medium wpforms-field-required\" name=\"wpforms[fields][28]\" placeholder=\"Num\u00e9ro du tuteur*\" required><\/div><div id=\"wpforms-2248-field_34-container\" class=\"wpforms-field wpforms-field-text wpforms-one-fourth\" data-field-id=\"34\"><label class=\"wpforms-field-label wpforms-label-hide\" for=\"wpforms-2248-field_34\">Boite du tuteur<\/label><input type=\"text\" id=\"wpforms-2248-field_34\" class=\"wpforms-field-medium\" name=\"wpforms[fields][34]\" placeholder=\"Boite tuteur\" ><\/div><div id=\"wpforms-2248-field_29-container\" class=\"wpforms-field wpforms-field-text wpforms-one-third wpforms-first\" data-field-id=\"29\"><label class=\"wpforms-field-label wpforms-label-hide\" for=\"wpforms-2248-field_29\">Code postal du tuteur <span class=\"wpforms-required-label\">*<\/span><\/label><input type=\"text\" id=\"wpforms-2248-field_29\" class=\"wpforms-field-large wpforms-field-required\" name=\"wpforms[fields][29]\" placeholder=\"Code Postal du tuteur*\" required><\/div><div id=\"wpforms-2248-field_30-container\" class=\"wpforms-field wpforms-field-text wpforms-two-thirds\" data-field-id=\"30\"><label class=\"wpforms-field-label wpforms-label-hide\" for=\"wpforms-2248-field_30\">Ville du tuteur <span class=\"wpforms-required-label\">*<\/span><\/label><input type=\"text\" id=\"wpforms-2248-field_30\" class=\"wpforms-field-large wpforms-field-required\" name=\"wpforms[fields][30]\" placeholder=\"Ville du tuteur*\" required><\/div><div id=\"wpforms-2248-field_31-container\" class=\"wpforms-field wpforms-field-text\" data-field-id=\"31\"><label class=\"wpforms-field-label wpforms-label-hide\" for=\"wpforms-2248-field_31\">Numregnat du tuteur <span class=\"wpforms-required-label\">*<\/span><\/label><input type=\"text\" id=\"wpforms-2248-field_31\" class=\"wpforms-field-medium wpforms-field-required\" name=\"wpforms[fields][31]\" placeholder=\"Num\u00e9ro de registre national du tuteur*\" required><\/div><div id=\"wpforms-2248-field_32-container\" class=\"wpforms-field wpforms-field-email\" data-field-id=\"32\"><label class=\"wpforms-field-label wpforms-label-hide\" for=\"wpforms-2248-field_32\">E-mail du tuteur <span class=\"wpforms-required-label\">*<\/span><\/label><div class=\"wpforms-field-row wpforms-field-large\"><div class=\"wpforms-field-row-block wpforms-one-half wpforms-first\"><input type=\"email\" id=\"wpforms-2248-field_32\" class=\"wpforms-field-required wpforms-field-email-primary\" name=\"wpforms[fields][32][primary]\" placeholder=\"Email du tuteur*\" spellcheck=\"false\" required><label for=\"wpforms-2248-field_32\" class=\"wpforms-field-sublabel after wpforms-sublabel-hide\">E-mail<\/label><\/div><div class=\"wpforms-field-row-block wpforms-one-half\"><input type=\"email\" id=\"wpforms-2248-field_32-secondary\" class=\"wpforms-field-email-secondary wpforms-field-required\" data-rule-confirm=\"#wpforms-2248-field_32\" name=\"wpforms[fields][32][secondary]\" placeholder=\"Confirmer votre Email svp\" spellcheck=\"false\" required><label for=\"wpforms-2248-field_32-secondary\" class=\"wpforms-field-sublabel after wpforms-sublabel-hide\">Confirmez l\u2019e-mail<\/label><\/div><\/div><\/div><div id=\"wpforms-2248-field_33-container\" class=\"wpforms-field wpforms-field-text wpforms-one-half wpforms-first\" data-field-id=\"33\"><label class=\"wpforms-field-label wpforms-label-hide\" for=\"wpforms-2248-field_33\">T\u00e9l\u00e9phone\/GSM du tuteur<\/label><input type=\"text\" id=\"wpforms-2248-field_33\" class=\"wpforms-field-large\" name=\"wpforms[fields][33]\" placeholder=\"T\u00e9l\u00e9phone\/GSM du tuteur\" ><\/div><div id=\"wpforms-2248-field_14-container\" class=\"wpforms-field wpforms-field-checkbox\" data-field-id=\"14\"><label class=\"wpforms-field-label wpforms-label-hide\">Accord Statuts <span class=\"wpforms-required-label\">*<\/span><\/label><ul id=\"wpforms-2248-field_14\" class=\"wpforms-field-required\"><li class=\"choice-1 depth-1\"><input type=\"checkbox\" id=\"wpforms-2248-field_14_1\" name=\"wpforms[fields][14][]\" value=\"Je d\u00e9clare adh\u00e9rer aux statuts de Condroz Energies Citoyennes scrl et je marque mon accord pour recevoir les convocations aux AG et les newsletters par voie \u00e9lectronique.\" required ><label class=\"wpforms-field-label-inline\" for=\"wpforms-2248-field_14_1\">Je d\u00e9clare adh\u00e9rer aux statuts de Condroz Energies Citoyennes scrl et je marque mon accord pour recevoir les convocations aux AG et les newsletters par voie \u00e9lectronique.<\/label><\/li><\/ul><\/div><div id=\"wpforms-2248-field_20-container\" class=\"wpforms-field wpforms-field-gdpr-checkbox\" data-field-id=\"20\"><label class=\"wpforms-field-label\">Accord RGPD <span class=\"wpforms-required-label\">*<\/span><\/label><ul id=\"wpforms-2248-field_20\" class=\"wpforms-field-required\"><li class=\"choice-1\"><input type=\"checkbox\" id=\"wpforms-2248-field_20_1\" name=\"wpforms[fields][20][]\" value=\"Je consens \u00e0 ce que ce site stocke mes informations envoy\u00e9es.\" required ><label class=\"wpforms-field-label-inline\" for=\"wpforms-2248-field_20_1\">Je consens \u00e0 ce que ce site stocke mes informations envoy\u00e9es.<\/label><\/li><\/ul><div class=\"wpforms-field-description\">Vos donn\u00e9es sont conserv\u00e9es dans notre registre des parts. Plus d&rsquo;informations sur notre <a href=\"https:\/\/coopcec.be\/wcec\/politique-generale-de-protection-des-donnees-personnelles\/\" target=\"_blank\"> page de politique g\u00e9n\u00e9rale de confidentialit\u00e9<\/a>.<\/div><\/div><\/div><!-- .wpforms-field-container --><div class=\"wpforms-recaptcha-container wpforms-is-recaptcha wpforms-is-recaptcha-type-v3\" ><input type=\"hidden\" name=\"wpforms[recaptcha]\" value=\"\"><\/div><div class=\"wpforms-submit-container\" ><input type=\"hidden\" name=\"wpforms[id]\" value=\"2248\"><input type=\"hidden\" name=\"page_title\" value=\"\"><input type=\"hidden\" name=\"page_url\" value=\"https:\/\/coopcec.be\/wcec\/wp-json\/wp\/v2\/pages\/2259\"><input type=\"hidden\" name=\"url_referer\" value=\"\"><button type=\"submit\" name=\"wpforms[submit]\" id=\"wpforms-submit-2248\" class=\"wpforms-submit\" data-alt-text=\"Envoi\" data-submit-text=\"Envoyer\" aria-live=\"assertive\" value=\"wpforms-submit\">Envoyer<\/button><\/div><\/form><\/div>  <!-- .wpforms-container -->","protected":false},"excerpt":{"rendered":"","protected":false},"author":3,"featured_media":0,"parent":0,"menu_order":0,"comment_status":"closed","ping_status":"closed","template":"","meta":{"footnotes":""},"class_list":["post-2259","page","type-page","status-publish","hentry"],"aioseo_notices":[],"_links":{"self":[{"href":"https:\/\/coopcec.be\/wcec\/wp-json\/wp\/v2\/pages\/2259","targetHints":{"allow":["GET"]}}],"collection":[{"href":"https:\/\/coopcec.be\/wcec\/wp-json\/wp\/v2\/pages"}],"about":[{"href":"https:\/\/coopcec.be\/wcec\/wp-json\/wp\/v2\/types\/page"}],"author":[{"embeddable":true,"href":"https:\/\/coopcec.be\/wcec\/wp-json\/wp\/v2\/users\/3"}],"replies":[{"embeddable":true,"href":"https:\/\/coopcec.be\/wcec\/wp-json\/wp\/v2\/comments?post=2259"}],"version-history":[{"count":1,"href":"https:\/\/coopcec.be\/wcec\/wp-json\/wp\/v2\/pages\/2259\/revisions"}],"predecessor-version":[{"id":2260,"href":"https:\/\/coopcec.be\/wcec\/wp-json\/wp\/v2\/pages\/2259\/revisions\/2260"}],"wp:attachment":[{"href":"https:\/\/coopcec.be\/wcec\/wp-json\/wp\/v2\/media?parent=2259"}],"curies":[{"name":"wp","href":"https:\/\/api.w.org\/{rel}","templated":true}]}}