{"id":2232,"date":"2022-12-18T17:50:25","date_gmt":"2022-12-18T16:50:25","guid":{"rendered":"https:\/\/coopcec.be\/wcec\/?page_id=2232"},"modified":"2025-10-14T20:42:31","modified_gmt":"2025-10-14T18:42:31","slug":"devenir-cooperateur-de-condroz-energies-citoyennes-scrl","status":"publish","type":"page","link":"https:\/\/coopcec.be\/wcec\/devenir-cooperateur-de-condroz-energies-citoyennes-scrl\/","title":{"rendered":"Devenir coop\u00e9rateur de Condroz \u00c9nergies Citoyennes SCRL"},"content":{"rendered":"\n<p>Condroz \u00c9nergies citoyennes est une soci\u00e9t\u00e9 coop\u00e9rative \u00e0 responsabilit\u00e9 limit\u00e9e (SCRL) agr\u00e9\u00e9e par le Conseil national de la Coop\u00e9ration (Minist\u00e8re de l\u2019\u00c9conomie agr\u00e9ment n\u00b0 5288).<br>Elle est ouverte \u00e0 toute personne quel que soit son lieu de r\u00e9sidence. Le fonctionnement de la coop\u00e9rative est d\u00e9mocratique et participatif. Les d\u00e9cisions importantes sont prises par l\u2019Assembl\u00e9e G\u00e9n\u00e9rale o\u00f9 sont convi\u00e9s tous les coop\u00e9rateurs. Chaque coop\u00e9rateur a droit \u00e0 une seule voix, ind\u00e9pendamment du nombre de parts qu\u2019il d\u00e9tient.<\/p>\n\n\n\n<p>L\u2019offre publique de parts pour les projets de Condroz \u00c9nergies Citoyennes est actuellement de 2000 parts annuellement (500000\u20ac). Suivant les r\u00e8gles financi\u00e8res en vigueur, la coop\u00e9rative n\u2019est pas soumise \u00e0 l\u2019obligation de publier un \u00ab prospectus financier \u00bb ni une \u00ab note d\u2019information \u00bb.<\/p>\n\n\n\n<h3 class=\"wp-block-heading\"><a href=\"https:\/\/coopcec.be\/wcec\/cec-content\/uploads\/2021\/09\/label_finance_solidaire_web.png\"><\/a>Label<strong> Finance solidaire<\/strong><\/h3>\n\n\n\n<div class=\"wp-block-columns is-layout-flex wp-container-core-columns-is-layout-9d6595d7 wp-block-columns-is-layout-flex\">\n<div class=\"wp-block-column is-layout-flow wp-block-column-is-layout-flow\" style=\"flex-basis:33.33%\">\n<figure class=\"wp-block-image size-large\"><a href=\"https:\/\/coopcec.be\/wcec\/cec-content\/uploads\/2021\/09\/label_finance_solidaire_web.png\"><img loading=\"lazy\" decoding=\"async\" width=\"1024\" height=\"1024\" src=\"https:\/\/coopcec.be\/wcec\/cec-content\/uploads\/2021\/09\/label_finance_solidaire_web-1024x1024.png\" alt=\"\" class=\"wp-image-2070\" srcset=\"https:\/\/coopcec.be\/wcec\/cec-content\/uploads\/2021\/09\/label_finance_solidaire_web-1024x1024.png 1024w, https:\/\/coopcec.be\/wcec\/cec-content\/uploads\/2021\/09\/label_finance_solidaire_web-300x300.png 300w, https:\/\/coopcec.be\/wcec\/cec-content\/uploads\/2021\/09\/label_finance_solidaire_web-150x150.png 150w, https:\/\/coopcec.be\/wcec\/cec-content\/uploads\/2021\/09\/label_finance_solidaire_web-768x768.png 768w, https:\/\/coopcec.be\/wcec\/cec-content\/uploads\/2021\/09\/label_finance_solidaire_web-600x600.png 600w, https:\/\/coopcec.be\/wcec\/cec-content\/uploads\/2021\/09\/label_finance_solidaire_web-1320x1320.png 1320w, https:\/\/coopcec.be\/wcec\/cec-content\/uploads\/2021\/09\/label_finance_solidaire_web.png 1417w\" sizes=\"auto, (max-width: 1024px) 100vw, 1024px\" \/><\/a><\/figure>\n<\/div>\n\n\n\n<div class=\"wp-block-column is-layout-flow wp-block-column-is-layout-flow\" style=\"flex-basis:66.66%\">\n<p>Depuis 2019, le <strong>label Finance solidaire<\/strong> est octroy\u00e9 aux parts de coop\u00e9rative de Condroz \u00c9nergies Citoyennes. Ce Label a \u00e9t\u00e9 cr\u00e9\u00e9 en 2014 pour mieux visibiliser les produits de finance solidaire et donner la garantie \u00e0 l&rsquo;investisseur que son argent financera des activit\u00e9s de l&rsquo;\u00e9conomie sociale. Il certifie que le produit (les parts de la coop\u00e9rative) finance des activit\u00e9s g\u00e9n\u00e9ratrices d&rsquo;utilit\u00e9 sociale et\/ou environnementale en se basant sur des crit\u00e8res soci\u00e9taux. Vous trouverez dans la \u00ab\u00a0<em>fiche&nbsp;d&rsquo;information&nbsp;action<\/em>\u00a0\u00bb t\u00e9l\u00e9chargeable&nbsp;<a href=\"https:\/\/coopcec.be\/wcec\/cec-content\/uploads\/2024\/10\/Condroz-Energies-Citoyennes-fiche-info-actions-230924_SE.pdf\" target=\"_blank\" rel=\"noopener\" title=\"\"><em>ICI&nbsp;<\/em><\/a>toutes les donn\u00e9es en lien avec cette labellisation et nos parts de coop\u00e9rative de Condroz \u00c9nergies Citoyennes.<\/p>\n\n\n\n<p>Pour plus d&rsquo;infos -&gt; <a href=\"https:\/\/labelfinancesolidaire.be\/\">label Finance Solidaire<\/a><\/p>\n<\/div>\n<\/div>\n\n\n\n<p><\/p>\n\n\n\n<h3 class=\"wp-block-heading\"><strong>Quels avantages ?<\/strong><\/h3>\n\n\n\n<p>D\u00e8s que l\u2019activit\u00e9 aura atteint son seuil de rentabilit\u00e9, un dividende pourrait \u00eatre vers\u00e9 aux coop\u00e9rateurs. Il est limit\u00e9 actuellement \u00e0 6% par an pour les coop\u00e9ratives agr\u00e9\u00e9es comme CEC.&nbsp; Une part des b\u00e9n\u00e9fices pourrait \u00eatre r\u00e9investie dans des projets \u00e0 plus-value environnementale ou sociale.<\/p>\n\n\n\n<p>Depuis 2018, les premiers 640 \u20ac (d\u00e9claration fiscale 2019 (Revenus 2018), 800\u20ac pour la d\u00e9claration fiscale 2020 (revenus 2019)) de dividendes des parts de coop\u00e9ratives (cumul\u00e9s avec les dividendes d&rsquo;autres types d&rsquo;actions) sont exon\u00e9r\u00e9s du pr\u00e9compte mobilier de 30%. Les soci\u00e9t\u00e9s coop\u00e9ratives retiennent \u00e0 la source 30% de pr\u00e9compte mobilier sur les dividendes vers\u00e9s. Il s&rsquo;agira d&rsquo;indiquer les dividendes dans la d\u00e9claration fiscale pour r\u00e9cup\u00e9rer le pr\u00e9compte.<\/p>\n\n\n\n<h3 class=\"wp-block-heading\">Quelles contraintes ?<\/h3>\n\n\n\n<p>Il s\u2019agit d\u2019un investissement \u00e0 long terme. L\u2019argent des parts est investi dans les projets concrets port\u00e9s par la coop\u00e9rative. Il n\u2019est donc pas possible de revendre ses parts n\u2019importe quand. Les statuts pr\u00e9cisent \u00e0 quelles conditions le coop\u00e9rateur peut r\u00e9cup\u00e9rer tout ou partie de son capital.<br>Le revenu n\u2019est pas garanti. L\u2019attribution de celui-ci est d\u00e9cid\u00e9e par l\u2019Assembl\u00e9e G\u00e9n\u00e9rale sur proposition du Conseil d\u2019Administration.<br>Le risque li\u00e9 \u00e0 l\u2019investissement n\u2019est pas nul. Il est limit\u00e9 strictement \u00e0 la somme que le coop\u00e9rateur a engag\u00e9 dans la coop\u00e9rative.<\/p>\n\n\n\n<p><a href=\"https:\/\/coopcec.be\/wcec\/cec-content\/uploads\/2025\/10\/Condroz-Energies-Citoyennes-fiche-info-actions-08-10-2025-VF.pdf\" title=\"\">Cliquez ici pour t\u00e9l\u00e9charger la fiche d&rsquo;information<\/a><\/p>\n\n\n\n<h3 class=\"wp-block-heading\">Pour devenir coop\u00e9rateur, il suffit<\/h3>\n\n\n\n<ul class=\"wp-block-list\">\n<li>de prendre ou d\u2019offrir une ou plusieurs parts \u00e0 250 \u20ac avec un maximum de 20 parts par coop\u00e9rateur. Chaque membre d\u2019une m\u00eame famille peut \u00eatre coop\u00e9rateur \u00e0 titre individuel.<\/li>\n\n\n\n<li>de faire un virement correspondant au nombre de parts d\u00e9sir\u00e9es sur notre compte en mentionnant les nom, pr\u00e9nom du titulaire des parts et le nombre de parts souscrites.<br>Triodos <strong>IBAN<\/strong> BE83 5230 8069 8015 <strong>BIC<\/strong> TRIOBEBB<\/li>\n\n\n\n<li>d\u2019adh\u00e9rer aux objectifs de la coop\u00e9rative d\u00e9crits dans les statuts (disponibles sur simple demande ou par ce lien:&nbsp;&nbsp;<a href=\"https:\/\/coopcec.be\/wcec\/cec-content\/uploads\/2024\/09\/StatusCEC2024.pdf\" title=\"\">Condoz Energies Citoyennes STATUTS MONITEUR <\/a>&nbsp;) .<\/li>\n\n\n\n<li>de remplir le formulaire d\u2019adh\u00e9sion en cliquant sur un des liens ci-dessous<\/li>\n<\/ul>\n\n\n\n<div class=\"wp-block-columns is-layout-flex wp-container-core-columns-is-layout-9d6595d7 wp-block-columns-is-layout-flex\">\n<div class=\"wp-block-column is-layout-flow wp-block-column-is-layout-flow\">\n<figure class=\"wp-block-image size-full\"><a href=\"https:\/\/coopcec.be\/wcec\/nouveau_cooperateur_personne_physique\/\"><img loading=\"lazy\" decoding=\"async\" width=\"800\" height=\"324\" src=\"https:\/\/coopcec.be\/wcec\/cec-content\/uploads\/2022\/12\/Bouton-devenir-cooperateur-majeur.jpg\" alt=\"\" class=\"wp-image-2242\" srcset=\"https:\/\/coopcec.be\/wcec\/cec-content\/uploads\/2022\/12\/Bouton-devenir-cooperateur-majeur.jpg 800w, https:\/\/coopcec.be\/wcec\/cec-content\/uploads\/2022\/12\/Bouton-devenir-cooperateur-majeur-300x122.jpg 300w, https:\/\/coopcec.be\/wcec\/cec-content\/uploads\/2022\/12\/Bouton-devenir-cooperateur-majeur-768x311.jpg 768w, https:\/\/coopcec.be\/wcec\/cec-content\/uploads\/2022\/12\/Bouton-devenir-cooperateur-majeur-600x243.jpg 600w\" sizes=\"auto, (max-width: 800px) 100vw, 800px\" \/><\/a><\/figure>\n<\/div>\n\n\n\n<div class=\"wp-block-column is-layout-flow wp-block-column-is-layout-flow\">\n<figure class=\"wp-block-image size-full\"><a href=\"https:\/\/coopcec.be\/wcec\/nouveau_cooperateur_personne_physique_mineure\/\"><img loading=\"lazy\" decoding=\"async\" width=\"800\" height=\"324\" src=\"https:\/\/coopcec.be\/wcec\/cec-content\/uploads\/2022\/12\/Bouton-devenir-cooperateur-mineur.jpg\" alt=\"\" class=\"wp-image-2241\" srcset=\"https:\/\/coopcec.be\/wcec\/cec-content\/uploads\/2022\/12\/Bouton-devenir-cooperateur-mineur.jpg 800w, https:\/\/coopcec.be\/wcec\/cec-content\/uploads\/2022\/12\/Bouton-devenir-cooperateur-mineur-300x122.jpg 300w, https:\/\/coopcec.be\/wcec\/cec-content\/uploads\/2022\/12\/Bouton-devenir-cooperateur-mineur-768x311.jpg 768w, https:\/\/coopcec.be\/wcec\/cec-content\/uploads\/2022\/12\/Bouton-devenir-cooperateur-mineur-600x243.jpg 600w\" sizes=\"auto, (max-width: 800px) 100vw, 800px\" \/><\/a><\/figure>\n<\/div>\n\n\n\n<div class=\"wp-block-column is-layout-flow wp-block-column-is-layout-flow\">\n<figure class=\"wp-block-image size-full\"><a href=\"https:\/\/coopcec.be\/wcec\/nouveau_cooperateur_personne_morale\"><img loading=\"lazy\" decoding=\"async\" width=\"800\" height=\"324\" src=\"https:\/\/coopcec.be\/wcec\/cec-content\/uploads\/2022\/12\/Bouton-devenir-cooperateur-morale.jpg\" alt=\"\" class=\"wp-image-2240\" srcset=\"https:\/\/coopcec.be\/wcec\/cec-content\/uploads\/2022\/12\/Bouton-devenir-cooperateur-morale.jpg 800w, https:\/\/coopcec.be\/wcec\/cec-content\/uploads\/2022\/12\/Bouton-devenir-cooperateur-morale-300x122.jpg 300w, https:\/\/coopcec.be\/wcec\/cec-content\/uploads\/2022\/12\/Bouton-devenir-cooperateur-morale-768x311.jpg 768w, https:\/\/coopcec.be\/wcec\/cec-content\/uploads\/2022\/12\/Bouton-devenir-cooperateur-morale-600x243.jpg 600w\" sizes=\"auto, (max-width: 800px) 100vw, 800px\" \/><\/a><\/figure>\n<\/div>\n<\/div>\n","protected":false},"excerpt":{"rendered":"<p>Condroz \u00c9nergies citoyennes est une soci\u00e9t\u00e9 coop\u00e9rative \u00e0 responsabilit\u00e9 limit\u00e9e (SCRL) agr\u00e9\u00e9e par le Conseil national de la Coop\u00e9ration (Minist\u00e8re de l\u2019\u00c9conomie agr\u00e9ment n\u00b0 5288).Elle est ouverte \u00e0 toute personne <a class=\"more-link\" href=\"https:\/\/coopcec.be\/wcec\/devenir-cooperateur-de-condroz-energies-citoyennes-scrl\/\">Continuer la lecture \u2192<\/a><\/p>\n","protected":false},"author":3,"featured_media":0,"parent":0,"menu_order":0,"comment_status":"closed","ping_status":"closed","template":"","meta":{"footnotes":""},"class_list":["post-2232","page","type-page","status-publish","hentry"],"aioseo_notices":[],"_links":{"self":[{"href":"https:\/\/coopcec.be\/wcec\/wp-json\/wp\/v2\/pages\/2232","targetHints":{"allow":["GET"]}}],"collection":[{"href":"https:\/\/coopcec.be\/wcec\/wp-json\/wp\/v2\/pages"}],"about":[{"href":"https:\/\/coopcec.be\/wcec\/wp-json\/wp\/v2\/types\/page"}],"author":[{"embeddable":true,"href":"https:\/\/coopcec.be\/wcec\/wp-json\/wp\/v2\/users\/3"}],"replies":[{"embeddable":true,"href":"https:\/\/coopcec.be\/wcec\/wp-json\/wp\/v2\/comments?post=2232"}],"version-history":[{"count":13,"href":"https:\/\/coopcec.be\/wcec\/wp-json\/wp\/v2\/pages\/2232\/revisions"}],"predecessor-version":[{"id":2464,"href":"https:\/\/coopcec.be\/wcec\/wp-json\/wp\/v2\/pages\/2232\/revisions\/2464"}],"wp:attachment":[{"href":"https:\/\/coopcec.be\/wcec\/wp-json\/wp\/v2\/media?parent=2232"}],"curies":[{"name":"wp","href":"https:\/\/api.w.org\/{rel}","templated":true}]}}