{"id":20,"date":"2014-10-13T11:30:00","date_gmt":"2014-10-13T09:30:00","guid":{"rendered":"http:\/\/192.168.0.200\/wordpress\/?page_id=20"},"modified":"2018-12-22T19:37:25","modified_gmt":"2018-12-22T18:37:25","slug":"nos-projets","status":"publish","type":"page","link":"https:\/\/coopcec.be\/wcec\/nos-projets\/","title":{"rendered":"Nos projets"},"content":{"rendered":"\n<ul class=\"wp-block-list\"><li>Moulin d&rsquo;Eprave<\/li><li><a href=\"https:\/\/coopcec.be\/wcec\/nos-projets\/hose\/\">HOSe (sites sur l&rsquo;Ourthe et la Sambre)<\/a><\/li><li><a href=\"https:\/\/coopcec.be\/wcec\/nos-projets\/maseyek\/\">Centrale hydro\u00e9lectrique Maseyek\/TDM (Marchin)<\/a><\/li><li><a href=\"https:\/\/coopcec.be\/wcec\/nos-projets\/les-avins\/\">Centrale hydro\u00e9lectrique de \u00ab\u00a0Les Avins\u00a0\u00bb (Clavier)<\/a><\/li><li><a href=\"https:\/\/coopcec.be\/wcec\/nos-projets\/ochain-energie\/\">Ochain Energie (Biom\u00e9thanisation)<\/a><\/li><li><a href=\"https:\/\/coopcec.be\/wcec\/nos-projets\/la-machine-a-eau-de-sommiere\/\">La machine \u00e0 eau de Sommi\u00e8re<\/a> <\/li><\/ul>\n\n\n\n<p><\/p>\n","protected":false},"excerpt":{"rendered":"<p>Moulin d&rsquo;Eprave HOSe (sites sur l&rsquo;Ourthe et la Sambre) Centrale hydro\u00e9lectrique Maseyek\/TDM (Marchin) Centrale hydro\u00e9lectrique de \u00ab\u00a0Les Avins\u00a0\u00bb (Clavier) Ochain Energie (Biom\u00e9thanisation) La machine \u00e0 eau de Sommi\u00e8re<\/p>\n","protected":false},"author":3,"featured_media":0,"parent":0,"menu_order":0,"comment_status":"closed","ping_status":"open","template":"","meta":{"footnotes":""},"class_list":["post-20","page","type-page","status-publish","hentry"],"aioseo_notices":[],"_links":{"self":[{"href":"https:\/\/coopcec.be\/wcec\/wp-json\/wp\/v2\/pages\/20","targetHints":{"allow":["GET"]}}],"collection":[{"href":"https:\/\/coopcec.be\/wcec\/wp-json\/wp\/v2\/pages"}],"about":[{"href":"https:\/\/coopcec.be\/wcec\/wp-json\/wp\/v2\/types\/page"}],"author":[{"embeddable":true,"href":"https:\/\/coopcec.be\/wcec\/wp-json\/wp\/v2\/users\/3"}],"replies":[{"embeddable":true,"href":"https:\/\/coopcec.be\/wcec\/wp-json\/wp\/v2\/comments?post=20"}],"version-history":[{"count":18,"href":"https:\/\/coopcec.be\/wcec\/wp-json\/wp\/v2\/pages\/20\/revisions"}],"predecessor-version":[{"id":1779,"href":"https:\/\/coopcec.be\/wcec\/wp-json\/wp\/v2\/pages\/20\/revisions\/1779"}],"wp:attachment":[{"href":"https:\/\/coopcec.be\/wcec\/wp-json\/wp\/v2\/media?parent=20"}],"curies":[{"name":"wp","href":"https:\/\/api.w.org\/{rel}","templated":true}]}}