{"id":1877,"date":"2020-01-23T17:52:01","date_gmt":"2020-01-23T16:52:01","guid":{"rendered":"http:\/\/coopcec.be\/wcec\/?page_id=1877"},"modified":"2020-01-23T17:52:49","modified_gmt":"2020-01-23T16:52:49","slug":"sambre-barrage-ecluse-de-marcinelle","status":"publish","type":"page","link":"https:\/\/coopcec.be\/wcec\/nos-projets\/hose\/sambre-barrage-ecluse-de-marcinelle\/","title":{"rendered":"Sambre: Barrage-\u00e9cluse de Marcinelle"},"content":{"rendered":"\n<p>Centrale hydro\u00e9lectrique sur le barrage-\u00e9cluse n\u00b011 de la Sambre \u00e0 Marcinelle<\/p>\n\n\n\n<ul class=\"wp-block-list\"><li>Chute : 3,10 m&nbsp;; d\u00e9bit moyen : 18 m\u00b3\/sec<\/li><li>2 Kaplan-VLH<\/li><li>1650 MWh\/an<\/li><\/ul>\n\n\n\n<p>Une centrale \u00e9quipe le site de Marcinelle depuis 2011. Des am\u00e9liorations techniques de la productivit\u00e9 et la maintenance sont pr\u00e9vues, avec une r\u00e9novation et transformation de l\u2019installation actuelle en profondeur.<\/p>\n\n\n<p><!--EndFragment--><br>\n<br>\n<\/p>","protected":false},"excerpt":{"rendered":"<p>Centrale hydro\u00e9lectrique sur le barrage-\u00e9cluse n\u00b011 de la Sambre \u00e0 Marcinelle Chute : 3,10 m&nbsp;; d\u00e9bit moyen : 18 m\u00b3\/sec 2 Kaplan-VLH 1650 MWh\/an Une centrale \u00e9quipe le site de <a class=\"more-link\" href=\"https:\/\/coopcec.be\/wcec\/nos-projets\/hose\/sambre-barrage-ecluse-de-marcinelle\/\">Continuer la lecture \u2192<\/a><\/p>\n","protected":false},"author":3,"featured_media":0,"parent":1762,"menu_order":1,"comment_status":"closed","ping_status":"closed","template":"","meta":{"footnotes":""},"class_list":["post-1877","page","type-page","status-publish","hentry"],"aioseo_notices":[],"_links":{"self":[{"href":"https:\/\/coopcec.be\/wcec\/wp-json\/wp\/v2\/pages\/1877","targetHints":{"allow":["GET"]}}],"collection":[{"href":"https:\/\/coopcec.be\/wcec\/wp-json\/wp\/v2\/pages"}],"about":[{"href":"https:\/\/coopcec.be\/wcec\/wp-json\/wp\/v2\/types\/page"}],"author":[{"embeddable":true,"href":"https:\/\/coopcec.be\/wcec\/wp-json\/wp\/v2\/users\/3"}],"replies":[{"embeddable":true,"href":"https:\/\/coopcec.be\/wcec\/wp-json\/wp\/v2\/comments?post=1877"}],"version-history":[{"count":1,"href":"https:\/\/coopcec.be\/wcec\/wp-json\/wp\/v2\/pages\/1877\/revisions"}],"predecessor-version":[{"id":1878,"href":"https:\/\/coopcec.be\/wcec\/wp-json\/wp\/v2\/pages\/1877\/revisions\/1878"}],"up":[{"embeddable":true,"href":"https:\/\/coopcec.be\/wcec\/wp-json\/wp\/v2\/pages\/1762"}],"wp:attachment":[{"href":"https:\/\/coopcec.be\/wcec\/wp-json\/wp\/v2\/media?parent=1877"}],"curies":[{"name":"wp","href":"https:\/\/api.w.org\/{rel}","templated":true}]}}