{"id":1875,"date":"2020-01-23T17:50:18","date_gmt":"2020-01-23T16:50:18","guid":{"rendered":"http:\/\/coopcec.be\/wcec\/?page_id=1875"},"modified":"2020-12-29T16:18:43","modified_gmt":"2020-12-29T15:18:43","slug":"sambre-monceau-sur-sambre","status":"publish","type":"page","link":"https:\/\/coopcec.be\/wcec\/nos-projets\/hose\/sambre-monceau-sur-sambre\/","title":{"rendered":"Sambre: Monceau sur Sambre"},"content":{"rendered":"\n<p>Centrale hydro\u00e9lectrique en production sur le\nbarrage-\u00e9cluse n\u00b010 de la Sambre, \u00e0 Monceau-sur-Sambre.<\/p>\n\n\n\n<ul class=\"wp-block-list\"><li>Chute maximum de 4,75 m, d\u00e9bit moyen:      16,18 m\u00b3\/sec<\/li><li>3 vis d&rsquo;Archim\u00e8de<\/li><li>950 MWh produits sur le premier semestre   2018, soit 50% du productible annuel attendu<\/li><\/ul>\n\n\n\n<p>Neuf coop\u00e9ratives REScoop associ\u00e9es ont particip\u00e9 au rachat de capital de la soci\u00e9t\u00e9 d\u2019exploitation du site de Monceau-sur-Sambre (Monceau Hydro). <\/p>\n\n\n<p><!--EndFragment--><\/p>\n\n\n<p><\/p>\n","protected":false},"excerpt":{"rendered":"<p>Centrale hydro\u00e9lectrique en production sur le barrage-\u00e9cluse n\u00b010 de la Sambre, \u00e0 Monceau-sur-Sambre. Chute maximum de 4,75 m, d\u00e9bit moyen: 16,18 m\u00b3\/sec 3 vis d&rsquo;Archim\u00e8de 950 MWh produits sur le <a class=\"more-link\" href=\"https:\/\/coopcec.be\/wcec\/nos-projets\/hose\/sambre-monceau-sur-sambre\/\">Continuer la lecture \u2192<\/a><\/p>\n","protected":false},"author":3,"featured_media":0,"parent":1762,"menu_order":0,"comment_status":"closed","ping_status":"closed","template":"","meta":{"footnotes":""},"class_list":["post-1875","page","type-page","status-publish","hentry"],"aioseo_notices":[],"_links":{"self":[{"href":"https:\/\/coopcec.be\/wcec\/wp-json\/wp\/v2\/pages\/1875","targetHints":{"allow":["GET"]}}],"collection":[{"href":"https:\/\/coopcec.be\/wcec\/wp-json\/wp\/v2\/pages"}],"about":[{"href":"https:\/\/coopcec.be\/wcec\/wp-json\/wp\/v2\/types\/page"}],"author":[{"embeddable":true,"href":"https:\/\/coopcec.be\/wcec\/wp-json\/wp\/v2\/users\/3"}],"replies":[{"embeddable":true,"href":"https:\/\/coopcec.be\/wcec\/wp-json\/wp\/v2\/comments?post=1875"}],"version-history":[{"count":2,"href":"https:\/\/coopcec.be\/wcec\/wp-json\/wp\/v2\/pages\/1875\/revisions"}],"predecessor-version":[{"id":2005,"href":"https:\/\/coopcec.be\/wcec\/wp-json\/wp\/v2\/pages\/1875\/revisions\/2005"}],"up":[{"embeddable":true,"href":"https:\/\/coopcec.be\/wcec\/wp-json\/wp\/v2\/pages\/1762"}],"wp:attachment":[{"href":"https:\/\/coopcec.be\/wcec\/wp-json\/wp\/v2\/media?parent=1875"}],"curies":[{"name":"wp","href":"https:\/\/api.w.org\/{rel}","templated":true}]}}