{"id":1873,"date":"2020-01-23T17:48:10","date_gmt":"2020-01-23T16:48:10","guid":{"rendered":"http:\/\/coopcec.be\/wcec\/?page_id=1873"},"modified":"2020-01-23T17:48:11","modified_gmt":"2020-01-23T16:48:11","slug":"sambre-barrage-ecluse-de-roselies","status":"publish","type":"page","link":"https:\/\/coopcec.be\/wcec\/nos-projets\/hose\/sambre-barrage-ecluse-de-roselies\/","title":{"rendered":"Sambre: Barrage-\u00e9cluse de Roselies"},"content":{"rendered":"\n<p>Centrale hydro\u00e9lectrique sur le barrage-\u00e9cluse n\u00b013 de la Sambre \u00e0 Roselies<\/p>\n\n\n\n<ul class=\"wp-block-list\"><li>Chute : 3,70 m&nbsp;; d\u00e9bit moyen : 19 m\u00b3\/sec<\/li><li>2 Kaplan-VLH<\/li><li>1878 MWh\/an<\/li><\/ul>\n\n\n\n<p>Le projet vise \u00e0 \u00e9quiper le barrage-\u00e9cluse de Roselies de deux turbines hydro\u00e9lectriques<\/p>\n\n\n<p><!--EndFragment--><br>\n<br>\n<\/p>","protected":false},"excerpt":{"rendered":"<p>Centrale hydro\u00e9lectrique sur le barrage-\u00e9cluse n\u00b013 de la Sambre \u00e0 Roselies Chute : 3,70 m&nbsp;; d\u00e9bit moyen : 19 m\u00b3\/sec 2 Kaplan-VLH 1878 MWh\/an Le projet vise \u00e0 \u00e9quiper le <a class=\"more-link\" href=\"https:\/\/coopcec.be\/wcec\/nos-projets\/hose\/sambre-barrage-ecluse-de-roselies\/\">Continuer la lecture \u2192<\/a><\/p>\n","protected":false},"author":3,"featured_media":0,"parent":1762,"menu_order":1,"comment_status":"closed","ping_status":"closed","template":"","meta":{"footnotes":""},"class_list":["post-1873","page","type-page","status-publish","hentry"],"aioseo_notices":[],"_links":{"self":[{"href":"https:\/\/coopcec.be\/wcec\/wp-json\/wp\/v2\/pages\/1873","targetHints":{"allow":["GET"]}}],"collection":[{"href":"https:\/\/coopcec.be\/wcec\/wp-json\/wp\/v2\/pages"}],"about":[{"href":"https:\/\/coopcec.be\/wcec\/wp-json\/wp\/v2\/types\/page"}],"author":[{"embeddable":true,"href":"https:\/\/coopcec.be\/wcec\/wp-json\/wp\/v2\/users\/3"}],"replies":[{"embeddable":true,"href":"https:\/\/coopcec.be\/wcec\/wp-json\/wp\/v2\/comments?post=1873"}],"version-history":[{"count":1,"href":"https:\/\/coopcec.be\/wcec\/wp-json\/wp\/v2\/pages\/1873\/revisions"}],"predecessor-version":[{"id":1874,"href":"https:\/\/coopcec.be\/wcec\/wp-json\/wp\/v2\/pages\/1873\/revisions\/1874"}],"up":[{"embeddable":true,"href":"https:\/\/coopcec.be\/wcec\/wp-json\/wp\/v2\/pages\/1762"}],"wp:attachment":[{"href":"https:\/\/coopcec.be\/wcec\/wp-json\/wp\/v2\/media?parent=1873"}],"curies":[{"name":"wp","href":"https:\/\/api.w.org\/{rel}","templated":true}]}}