{"id":1866,"date":"2020-01-23T17:37:04","date_gmt":"2020-01-23T16:37:04","guid":{"rendered":"http:\/\/coopcec.be\/wcec\/?page_id=1866"},"modified":"2020-11-05T11:15:51","modified_gmt":"2020-11-05T10:15:51","slug":"ourthe-chanxhe","status":"publish","type":"page","link":"https:\/\/coopcec.be\/wcec\/nos-projets\/hose\/ourthe-chanxhe\/","title":{"rendered":"Ourthe: Chanxhe"},"content":{"rendered":"\n<figure class=\"wp-block-image size-large\"><img loading=\"lazy\" decoding=\"async\" width=\"1024\" height=\"371\" src=\"https:\/\/coopcec.be\/wcec\/cec-content\/uploads\/2019\/12\/Chanxhe-1024x371.jpg\" alt=\"\" class=\"wp-image-1842\" srcset=\"https:\/\/coopcec.be\/wcec\/cec-content\/uploads\/2019\/12\/Chanxhe-1024x371.jpg 1024w, https:\/\/coopcec.be\/wcec\/cec-content\/uploads\/2019\/12\/Chanxhe-300x109.jpg 300w, https:\/\/coopcec.be\/wcec\/cec-content\/uploads\/2019\/12\/Chanxhe-768x278.jpg 768w, https:\/\/coopcec.be\/wcec\/cec-content\/uploads\/2019\/12\/Chanxhe-600x217.jpg 600w, https:\/\/coopcec.be\/wcec\/cec-content\/uploads\/2019\/12\/Chanxhe-1320x478.jpg 1320w, https:\/\/coopcec.be\/wcec\/cec-content\/uploads\/2019\/12\/Chanxhe.jpg 1326w\" sizes=\"auto, (max-width: 1024px) 100vw, 1024px\" \/><\/figure>\n\n\n\n<h2 class=\"wp-block-heading\">Caract\u00e9ristiques techniques:<\/h2>\n\n\n\n<ul class=\"wp-block-list\"><li>Hauteur de chute&nbsp;: 2,35 m<\/li><li>D\u00e9bit moyen&nbsp;: 40 m\u00b3\/s<\/li><li>D\u00e9bit r\u00e9serv\u00e9&nbsp;: 10 m\u00b3\/s<\/li><li>Puissance install\u00e9e&nbsp;: 420 KW<\/li><li>Production&nbsp;: 1600 MWh<\/li><\/ul>\n\n\n\t\t\t\t<div class=\"gallery_box\">\n\t\t\t\t\t<ul>\n\t\t\t\t\t\t\t\t\t\t\t\t\t<li>\n\t\t\t\t\t\t\t\t<a rel=\"bookmark\" href=\"https:\/\/coopcec.be\/wcec\/gallery\/chantier-de-chanxhe\/\" title=\"Chantier de Chanxhe\">\n\t\t\t\t\t\t\t\t\t<img decoding=\"async\" width=&quot;120&quot; height=&quot;80&quot; style=\"width:120px; height:80px; border-width: 10px; border-color:#f1f1f1;border: 10px solid #f1f1f1\" alt=\"Chantier de Chanxhe\" title=\"Chantier de Chanxhe\" src=\"https:\/\/coopcec.be\/wcec\/cec-content\/uploads\/2020\/11\/ChantierChanxhe-9-120x80.jpg\" \/>\t\t\t\t\t\t\t\t<\/a>\n\t\t\t\t\t\t\t\t<div class=\"gallery_detail_box\">\n\t\t\t\t\t\t\t\t\t<div class=\"gllr_detail_title\">Chantier de Chanxhe<\/div>\n\t\t\t\t\t\t\t\t\t<div class=\"gllr_detail_excerpt\"><\/div>\n\t\t\t\t\t\t\t\t\t<a href=\"https:\/\/coopcec.be\/wcec\/gallery\/chantier-de-chanxhe\/\">Voir les images \u00bb<\/a>\n\t\t\t\t\t\t\t\t<\/div><!-- .gallery_detail_box -->\n\t\t\t\t\t\t\t\t<div class=\"gllr_clear\"><\/div>\n\t\t\t\t\t\t\t<\/li>\n\t\t\t\t\t\t\t\t\t\t\t<\/ul>\n\t\t\t\t<\/div><!-- .gallery_box -->\n\t\t\t\t\n\n\n\n<p>Derni\u00e8re modification: 8\/10\/2020<\/p>\n","protected":false},"excerpt":{"rendered":"<p>Caract\u00e9ristiques techniques: Hauteur de chute&nbsp;: 2,35 m D\u00e9bit moyen&nbsp;: 40 m\u00b3\/s D\u00e9bit r\u00e9serv\u00e9&nbsp;: 10 m\u00b3\/s Puissance install\u00e9e&nbsp;: 420 KW Production&nbsp;: 1600 MWh Derni\u00e8re modification: 8\/10\/2020<\/p>\n","protected":false},"author":3,"featured_media":0,"parent":1762,"menu_order":1,"comment_status":"closed","ping_status":"closed","template":"","meta":{"footnotes":""},"class_list":["post-1866","page","type-page","status-publish","hentry"],"aioseo_notices":[],"_links":{"self":[{"href":"https:\/\/coopcec.be\/wcec\/wp-json\/wp\/v2\/pages\/1866","targetHints":{"allow":["GET"]}}],"collection":[{"href":"https:\/\/coopcec.be\/wcec\/wp-json\/wp\/v2\/pages"}],"about":[{"href":"https:\/\/coopcec.be\/wcec\/wp-json\/wp\/v2\/types\/page"}],"author":[{"embeddable":true,"href":"https:\/\/coopcec.be\/wcec\/wp-json\/wp\/v2\/users\/3"}],"replies":[{"embeddable":true,"href":"https:\/\/coopcec.be\/wcec\/wp-json\/wp\/v2\/comments?post=1866"}],"version-history":[{"count":7,"href":"https:\/\/coopcec.be\/wcec\/wp-json\/wp\/v2\/pages\/1866\/revisions"}],"predecessor-version":[{"id":1966,"href":"https:\/\/coopcec.be\/wcec\/wp-json\/wp\/v2\/pages\/1866\/revisions\/1966"}],"up":[{"embeddable":true,"href":"https:\/\/coopcec.be\/wcec\/wp-json\/wp\/v2\/pages\/1762"}],"wp:attachment":[{"href":"https:\/\/coopcec.be\/wcec\/wp-json\/wp\/v2\/media?parent=1866"}],"curies":[{"name":"wp","href":"https:\/\/api.w.org\/{rel}","templated":true}]}}