{"id":1863,"date":"2020-01-23T17:30:32","date_gmt":"2020-01-23T16:30:32","guid":{"rendered":"http:\/\/coopcec.be\/wcec\/?page_id=1863"},"modified":"2020-10-08T17:02:21","modified_gmt":"2020-10-08T15:02:21","slug":"ourthe-barrage-des-grosses-battes","status":"publish","type":"page","link":"https:\/\/coopcec.be\/wcec\/nos-projets\/hose\/ourthe-barrage-des-grosses-battes\/","title":{"rendered":"Ourthe: Barrage des Grosses-Battes"},"content":{"rendered":"\n<p>Centrale hydro\u00e9lectrique sur le barrage des Grosses Battes <\/p>\n\n\n\n<ul class=\"wp-block-list\"><li>Chute : 3,95 m&nbsp;<\/li><li>D\u00e9bit moyen : 55 m\u00b3\/sec<\/li><li>D\u00e9bit r\u00e9serv\u00e9: 15m\u00b3<\/li><li>Puissance install\u00e9e: 1400 KW<\/li><li>2 Kaplan-VLH<\/li><li>Production: 4400 MWh\/an<\/li><\/ul>\n\n\n\n<p>Le projet vise \u00e0 \u00e9quiper le barrage-\u00e9cluse des Grosses-Battes, sur l\u2019Ourthe de deux turbines hydro\u00e9lectriques.<\/p>\n\n\n<p><!--EndFragment--><\/p>\n\n\n<figure class=\"wp-block-image size-large\"><img loading=\"lazy\" decoding=\"async\" width=\"680\" height=\"412\" src=\"https:\/\/coopcec.be\/wcec\/cec-content\/uploads\/2019\/12\/GB2.jpg\" alt=\"\" class=\"wp-image-1841\" srcset=\"https:\/\/coopcec.be\/wcec\/cec-content\/uploads\/2019\/12\/GB2.jpg 680w, https:\/\/coopcec.be\/wcec\/cec-content\/uploads\/2019\/12\/GB2-300x182.jpg 300w, https:\/\/coopcec.be\/wcec\/cec-content\/uploads\/2019\/12\/GB2-600x364.jpg 600w\" sizes=\"auto, (max-width: 680px) 100vw, 680px\" \/><\/figure>\n\n\n\n<h2 class=\"wp-block-heading\">Le Chantier des Grosses Battes<\/h2>\n\n\n\n<p>Malgr\u00e9 le probl\u00e8me du covid, le chantier des grosses battes avance bien.<\/p>\n\n\n\n<p>Avec un peu de retard, elle devrait produire ses premiers watts&nbsp; fin de cette ann\u00e9e.<\/p>\n\n\n\n<p>Voici quelques photos des avancements des travaux depuis le mois d\u2019aout 2020.<\/p>\n\n\n\n<figure class=\"wp-block-image size-large\"><img loading=\"lazy\" decoding=\"async\" width=\"1024\" height=\"768\" src=\"https:\/\/coopcec.be\/wcec\/cec-content\/uploads\/2020\/10\/49510042348_66086b0a23_k-1024x768.jpg\" alt=\"Chantier\" class=\"wp-image-1923\" srcset=\"https:\/\/coopcec.be\/wcec\/cec-content\/uploads\/2020\/10\/49510042348_66086b0a23_k-1024x768.jpg 1024w, https:\/\/coopcec.be\/wcec\/cec-content\/uploads\/2020\/10\/49510042348_66086b0a23_k-300x225.jpg 300w, https:\/\/coopcec.be\/wcec\/cec-content\/uploads\/2020\/10\/49510042348_66086b0a23_k-768x576.jpg 768w, https:\/\/coopcec.be\/wcec\/cec-content\/uploads\/2020\/10\/49510042348_66086b0a23_k-600x450.jpg 600w, https:\/\/coopcec.be\/wcec\/cec-content\/uploads\/2020\/10\/49510042348_66086b0a23_k-1536x1152.jpg 1536w, https:\/\/coopcec.be\/wcec\/cec-content\/uploads\/2020\/10\/49510042348_66086b0a23_k-1320x990.jpg 1320w, https:\/\/coopcec.be\/wcec\/cec-content\/uploads\/2020\/10\/49510042348_66086b0a23_k.jpg 2048w\" sizes=\"auto, (max-width: 1024px) 100vw, 1024px\" \/><figcaption>Chantier des Grosses Battes<\/figcaption><\/figure>\n\n\n\n<figure class=\"wp-block-image size-large\"><img loading=\"lazy\" decoding=\"async\" width=\"482\" height=\"362\" src=\"https:\/\/coopcec.be\/wcec\/cec-content\/uploads\/2020\/10\/Chantier.jpg\" alt=\"\" class=\"wp-image-1929\" srcset=\"https:\/\/coopcec.be\/wcec\/cec-content\/uploads\/2020\/10\/Chantier.jpg 482w, https:\/\/coopcec.be\/wcec\/cec-content\/uploads\/2020\/10\/Chantier-300x225.jpg 300w\" sizes=\"auto, (max-width: 482px) 100vw, 482px\" \/><figcaption>Mise en place barrage provisoire<\/figcaption><\/figure>\n\n\n\n<figure class=\"wp-block-image size-large\"><img loading=\"lazy\" decoding=\"async\" width=\"1024\" height=\"473\" src=\"https:\/\/coopcec.be\/wcec\/cec-content\/uploads\/2020\/10\/50275991286_61d99eb2b5_k-1024x473.jpg\" alt=\"D\u00e9molition\" class=\"wp-image-1925\" srcset=\"https:\/\/coopcec.be\/wcec\/cec-content\/uploads\/2020\/10\/50275991286_61d99eb2b5_k-1024x473.jpg 1024w, https:\/\/coopcec.be\/wcec\/cec-content\/uploads\/2020\/10\/50275991286_61d99eb2b5_k-300x138.jpg 300w, https:\/\/coopcec.be\/wcec\/cec-content\/uploads\/2020\/10\/50275991286_61d99eb2b5_k-768x354.jpg 768w, https:\/\/coopcec.be\/wcec\/cec-content\/uploads\/2020\/10\/50275991286_61d99eb2b5_k-600x277.jpg 600w, https:\/\/coopcec.be\/wcec\/cec-content\/uploads\/2020\/10\/50275991286_61d99eb2b5_k-1536x709.jpg 1536w, https:\/\/coopcec.be\/wcec\/cec-content\/uploads\/2020\/10\/50275991286_61d99eb2b5_k-1320x609.jpg 1320w, https:\/\/coopcec.be\/wcec\/cec-content\/uploads\/2020\/10\/50275991286_61d99eb2b5_k.jpg 2048w\" sizes=\"auto, (max-width: 1024px) 100vw, 1024px\" \/><figcaption>Installation batardeaux amont<\/figcaption><\/figure>\n\n\n\n<figure class=\"wp-block-image size-large\"><img loading=\"lazy\" decoding=\"async\" width=\"1024\" height=\"768\" src=\"https:\/\/coopcec.be\/wcec\/cec-content\/uploads\/2020\/10\/50377663783_139008b2f6_k-1024x768.jpg\" alt=\"Vue de la turbine\" class=\"wp-image-1926\" srcset=\"https:\/\/coopcec.be\/wcec\/cec-content\/uploads\/2020\/10\/50377663783_139008b2f6_k-1024x768.jpg 1024w, https:\/\/coopcec.be\/wcec\/cec-content\/uploads\/2020\/10\/50377663783_139008b2f6_k-300x225.jpg 300w, https:\/\/coopcec.be\/wcec\/cec-content\/uploads\/2020\/10\/50377663783_139008b2f6_k-768x576.jpg 768w, https:\/\/coopcec.be\/wcec\/cec-content\/uploads\/2020\/10\/50377663783_139008b2f6_k-600x450.jpg 600w, https:\/\/coopcec.be\/wcec\/cec-content\/uploads\/2020\/10\/50377663783_139008b2f6_k-1536x1152.jpg 1536w, https:\/\/coopcec.be\/wcec\/cec-content\/uploads\/2020\/10\/50377663783_139008b2f6_k-1320x990.jpg 1320w, https:\/\/coopcec.be\/wcec\/cec-content\/uploads\/2020\/10\/50377663783_139008b2f6_k.jpg 2048w\" sizes=\"auto, (max-width: 1024px) 100vw, 1024px\" \/><figcaption>Vue de la partie inf\u00e9rieure de la turbine avant mise en place<\/figcaption><\/figure>\n\n\n\n<figure class=\"wp-block-image size-large\"><img loading=\"lazy\" decoding=\"async\" width=\"1024\" height=\"768\" src=\"https:\/\/coopcec.be\/wcec\/cec-content\/uploads\/2020\/10\/50378361791_c969bdad5f_k-1024x768.jpg\" alt=\"Mise en place de la turbine\" class=\"wp-image-1927\" srcset=\"https:\/\/coopcec.be\/wcec\/cec-content\/uploads\/2020\/10\/50378361791_c969bdad5f_k-1024x768.jpg 1024w, https:\/\/coopcec.be\/wcec\/cec-content\/uploads\/2020\/10\/50378361791_c969bdad5f_k-300x225.jpg 300w, https:\/\/coopcec.be\/wcec\/cec-content\/uploads\/2020\/10\/50378361791_c969bdad5f_k-768x576.jpg 768w, https:\/\/coopcec.be\/wcec\/cec-content\/uploads\/2020\/10\/50378361791_c969bdad5f_k-600x450.jpg 600w, https:\/\/coopcec.be\/wcec\/cec-content\/uploads\/2020\/10\/50378361791_c969bdad5f_k-1536x1152.jpg 1536w, https:\/\/coopcec.be\/wcec\/cec-content\/uploads\/2020\/10\/50378361791_c969bdad5f_k-1320x990.jpg 1320w, https:\/\/coopcec.be\/wcec\/cec-content\/uploads\/2020\/10\/50378361791_c969bdad5f_k.jpg 2048w\" sizes=\"auto, (max-width: 1024px) 100vw, 1024px\" \/><figcaption>Mise en place de la turbine Kaplan VLH<\/figcaption><\/figure>\n\n\n\n<figure class=\"wp-block-image size-large\"><img loading=\"lazy\" decoding=\"async\" width=\"1024\" height=\"576\" src=\"https:\/\/coopcec.be\/wcec\/cec-content\/uploads\/2020\/10\/50398583602_7e43622272_k-1024x576.jpg\" alt=\"Vue a\u00e9rienne du chantier\" class=\"wp-image-1922\" srcset=\"https:\/\/coopcec.be\/wcec\/cec-content\/uploads\/2020\/10\/50398583602_7e43622272_k-1024x576.jpg 1024w, https:\/\/coopcec.be\/wcec\/cec-content\/uploads\/2020\/10\/50398583602_7e43622272_k-300x169.jpg 300w, https:\/\/coopcec.be\/wcec\/cec-content\/uploads\/2020\/10\/50398583602_7e43622272_k-768x432.jpg 768w, https:\/\/coopcec.be\/wcec\/cec-content\/uploads\/2020\/10\/50398583602_7e43622272_k-600x338.jpg 600w, https:\/\/coopcec.be\/wcec\/cec-content\/uploads\/2020\/10\/50398583602_7e43622272_k-1536x864.jpg 1536w, https:\/\/coopcec.be\/wcec\/cec-content\/uploads\/2020\/10\/50398583602_7e43622272_k-1320x743.jpg 1320w, https:\/\/coopcec.be\/wcec\/cec-content\/uploads\/2020\/10\/50398583602_7e43622272_k.jpg 2048w\" sizes=\"auto, (max-width: 1024px) 100vw, 1024px\" \/><figcaption>Vue a\u00e9rienne du chantier avec les deux turbines en place en fin Septembre<\/figcaption><\/figure>\n\n\n\n<p>Derni\u00e8re modification: 8\/10\/2020<\/p>\n","protected":false},"excerpt":{"rendered":"<p>Centrale hydro\u00e9lectrique sur le barrage des Grosses Battes Chute : 3,95 m&nbsp; D\u00e9bit moyen : 55 m\u00b3\/sec D\u00e9bit r\u00e9serv\u00e9: 15m\u00b3 Puissance install\u00e9e: 1400 KW 2 Kaplan-VLH Production: 4400 MWh\/an Le <a class=\"more-link\" href=\"https:\/\/coopcec.be\/wcec\/nos-projets\/hose\/ourthe-barrage-des-grosses-battes\/\">Continuer la lecture \u2192<\/a><\/p>\n","protected":false},"author":3,"featured_media":1843,"parent":1762,"menu_order":1,"comment_status":"closed","ping_status":"closed","template":"","meta":{"footnotes":""},"class_list":["post-1863","page","type-page","status-publish","has-post-thumbnail","hentry"],"aioseo_notices":[],"_links":{"self":[{"href":"https:\/\/coopcec.be\/wcec\/wp-json\/wp\/v2\/pages\/1863","targetHints":{"allow":["GET"]}}],"collection":[{"href":"https:\/\/coopcec.be\/wcec\/wp-json\/wp\/v2\/pages"}],"about":[{"href":"https:\/\/coopcec.be\/wcec\/wp-json\/wp\/v2\/types\/page"}],"author":[{"embeddable":true,"href":"https:\/\/coopcec.be\/wcec\/wp-json\/wp\/v2\/users\/3"}],"replies":[{"embeddable":true,"href":"https:\/\/coopcec.be\/wcec\/wp-json\/wp\/v2\/comments?post=1863"}],"version-history":[{"count":8,"href":"https:\/\/coopcec.be\/wcec\/wp-json\/wp\/v2\/pages\/1863\/revisions"}],"predecessor-version":[{"id":1943,"href":"https:\/\/coopcec.be\/wcec\/wp-json\/wp\/v2\/pages\/1863\/revisions\/1943"}],"up":[{"embeddable":true,"href":"https:\/\/coopcec.be\/wcec\/wp-json\/wp\/v2\/pages\/1762"}],"wp:featuredmedia":[{"embeddable":true,"href":"https:\/\/coopcec.be\/wcec\/wp-json\/wp\/v2\/media\/1843"}],"wp:attachment":[{"href":"https:\/\/coopcec.be\/wcec\/wp-json\/wp\/v2\/media?parent=1863"}],"curies":[{"name":"wp","href":"https:\/\/api.w.org\/{rel}","templated":true}]}}