{"id":1771,"date":"2018-12-22T19:20:46","date_gmt":"2018-12-22T18:20:46","guid":{"rendered":"http:\/\/coopcec.be\/wcec\/?page_id=1771"},"modified":"2019-03-03T17:28:51","modified_gmt":"2019-03-03T16:28:51","slug":"la-machine-a-eau-de-sommiere","status":"publish","type":"page","link":"https:\/\/coopcec.be\/wcec\/nos-projets\/la-machine-a-eau-de-sommiere\/","title":{"rendered":"La machine \u00e0 eau de Sommi\u00e8re"},"content":{"rendered":"\n<p>La roue \u00e0 aubes de Fala\u00ebn a assur\u00e9 le pompage de l\u2019eau du fond de vall\u00e9e aux villages situ\u00e9s sur les hauts de la commune de Onhaye gr\u00e2ce \u00e0 la force hydraulique de la rivi\u00e8re \u00ab\u00a0Le Flavion\u00a0\u00bb. <\/p>\n\n\n\n<p>A proximit\u00e9, un site de pompage de l&rsquo;intercommunale de distribution des eaux locales (AIEM) est encore en activit\u00e9, avec une forte consommation d&rsquo;\u00e9lectricit\u00e9. Produire de l&rsquo;\u00e9lectricit\u00e9 avec la force hydraulique permettrait d&rsquo;alimenter le site de pompage. L&rsquo;\u00e9tude technique a \u00e9t\u00e9 r\u00e9alis\u00e9e, apr\u00e8s avoir valid\u00e9 la solution de raccordement au site de pompage de l&rsquo;AIEM.<\/p>\n\n\n\n<p>Puissance \u00e0 installer: 3 kw<\/p>\n\n\n\n<p>Condroz\nEnergies Citoyennes a accompagn\u00e9 le pr\u00e9 projet sur le plan technique, juridique\net administratif.<\/p>\n\n\n\n<p>Le financement et les \u00e9l\u00e9ments contractuels feront encore l\u2019objet de discussions en 2019.<\/p>\n\n\n\n<p>Page mise \u00e0 jour le 3\/3\/2019<\/p>\n\n\n\n<p><\/p>\n","protected":false},"excerpt":{"rendered":"<p>La roue \u00e0 aubes de Fala\u00ebn a assur\u00e9 le pompage de l\u2019eau du fond de vall\u00e9e aux villages situ\u00e9s sur les hauts de la commune de Onhaye gr\u00e2ce \u00e0 la <a class=\"more-link\" href=\"https:\/\/coopcec.be\/wcec\/nos-projets\/la-machine-a-eau-de-sommiere\/\">Continuer la lecture \u2192<\/a><\/p>\n","protected":false},"author":3,"featured_media":0,"parent":20,"menu_order":5,"comment_status":"closed","ping_status":"closed","template":"","meta":{"footnotes":""},"class_list":["post-1771","page","type-page","status-publish","hentry"],"aioseo_notices":[],"_links":{"self":[{"href":"https:\/\/coopcec.be\/wcec\/wp-json\/wp\/v2\/pages\/1771","targetHints":{"allow":["GET"]}}],"collection":[{"href":"https:\/\/coopcec.be\/wcec\/wp-json\/wp\/v2\/pages"}],"about":[{"href":"https:\/\/coopcec.be\/wcec\/wp-json\/wp\/v2\/types\/page"}],"author":[{"embeddable":true,"href":"https:\/\/coopcec.be\/wcec\/wp-json\/wp\/v2\/users\/3"}],"replies":[{"embeddable":true,"href":"https:\/\/coopcec.be\/wcec\/wp-json\/wp\/v2\/comments?post=1771"}],"version-history":[{"count":2,"href":"https:\/\/coopcec.be\/wcec\/wp-json\/wp\/v2\/pages\/1771\/revisions"}],"predecessor-version":[{"id":1817,"href":"https:\/\/coopcec.be\/wcec\/wp-json\/wp\/v2\/pages\/1771\/revisions\/1817"}],"up":[{"embeddable":true,"href":"https:\/\/coopcec.be\/wcec\/wp-json\/wp\/v2\/pages\/20"}],"wp:attachment":[{"href":"https:\/\/coopcec.be\/wcec\/wp-json\/wp\/v2\/media?parent=1771"}],"curies":[{"name":"wp","href":"https:\/\/api.w.org\/{rel}","templated":true}]}}