{"id":1762,"date":"2018-12-22T18:29:56","date_gmt":"2018-12-22T17:29:56","guid":{"rendered":"http:\/\/coopcec.be\/wcec\/?page_id=1762"},"modified":"2020-12-29T16:13:37","modified_gmt":"2020-12-29T15:13:37","slug":"hose","status":"publish","type":"page","link":"https:\/\/coopcec.be\/wcec\/nos-projets\/hose\/","title":{"rendered":"HOSe et Monceau Hydro"},"content":{"rendered":"\n<p>Le 6 d\u00e9cembre 2018, 9 coop\u00e9ratives wallonnes, dont Condroz \u00c9nergies Citoyennes, et la soci\u00e9t\u00e9 Hydro-B se sont associ\u00e9es pour cr\u00e9er la SCRL Hydro\u00e9lectricit\u00e9 d\u2019Ourthe et Sambre (HOSe) et ainsi d\u00e9velopper et exploiter plusieurs centrales hydro\u00e9lectriques sur ces 2 cours d\u2019eau pr\u00e9cit\u00e9s. Il s\u2019agit ni plus ni moins des derniers sites hydro\u00e9lectriques de moyenne puissance (plusieurs centaines de kW) disponibles en Wallonie.<\/p>\n\n\n\n<p>Dans le m\u00eame temps,&nbsp;ces 9 coop\u00e9ratives ont rachet\u00e9 75% du capital de Monceau Hydro, soci\u00e9t\u00e9 qui exploite 3 vis hydrodynamiques sur le barrage de Monceau sur Sambre.<\/p>\n\n\n\n<p>L\u2019objectif final est de couvrir la consommation \u00e9lectrique correspondant \u00e0 pr\u00e8s de 5.000 m\u00e9nages et d\u2019ainsi \u00e9conomiser pr\u00e8s de 8.000 tonnes de CO2 par an.<\/p>\n\n\n\n<p>En dehors du site de Monceau qui est fonctionnel depuis 2017, le premier site \u00e0 \u00eatre \u00e9quip\u00e9 est celui des Grosses Battes. Ses 2 turbines VLH ont \u00e9t\u00e9 mises en service en d\u00e9cembre 2020. Le chantier du site de Chanxhe avance \u00e9galement \u00e0 grand pas avec une mise en service pr\u00e9vue d\u00e9but 2021.<\/p>\n\n\n\n<p>Page mise \u00e0 jour le 29\/12\/2020<\/p>\n\n\n\n<p><\/p>\n","protected":false},"excerpt":{"rendered":"<p>Le 6 d\u00e9cembre 2018, 9 coop\u00e9ratives wallonnes, dont Condroz \u00c9nergies Citoyennes, et la soci\u00e9t\u00e9 Hydro-B se sont associ\u00e9es pour cr\u00e9er la SCRL Hydro\u00e9lectricit\u00e9 d\u2019Ourthe et Sambre (HOSe) et ainsi d\u00e9velopper <a class=\"more-link\" href=\"https:\/\/coopcec.be\/wcec\/nos-projets\/hose\/\">Continuer la lecture \u2192<\/a><\/p>\n","protected":false},"author":3,"featured_media":0,"parent":20,"menu_order":1,"comment_status":"closed","ping_status":"closed","template":"","meta":{"footnotes":""},"class_list":["post-1762","page","type-page","status-publish","hentry"],"aioseo_notices":[],"_links":{"self":[{"href":"https:\/\/coopcec.be\/wcec\/wp-json\/wp\/v2\/pages\/1762","targetHints":{"allow":["GET"]}}],"collection":[{"href":"https:\/\/coopcec.be\/wcec\/wp-json\/wp\/v2\/pages"}],"about":[{"href":"https:\/\/coopcec.be\/wcec\/wp-json\/wp\/v2\/types\/page"}],"author":[{"embeddable":true,"href":"https:\/\/coopcec.be\/wcec\/wp-json\/wp\/v2\/users\/3"}],"replies":[{"embeddable":true,"href":"https:\/\/coopcec.be\/wcec\/wp-json\/wp\/v2\/comments?post=1762"}],"version-history":[{"count":8,"href":"https:\/\/coopcec.be\/wcec\/wp-json\/wp\/v2\/pages\/1762\/revisions"}],"predecessor-version":[{"id":2003,"href":"https:\/\/coopcec.be\/wcec\/wp-json\/wp\/v2\/pages\/1762\/revisions\/2003"}],"up":[{"embeddable":true,"href":"https:\/\/coopcec.be\/wcec\/wp-json\/wp\/v2\/pages\/20"}],"wp:attachment":[{"href":"https:\/\/coopcec.be\/wcec\/wp-json\/wp\/v2\/media?parent=1762"}],"curies":[{"name":"wp","href":"https:\/\/api.w.org\/{rel}","templated":true}]}}