{"id":1055,"date":"2016-09-09T11:35:33","date_gmt":"2016-09-09T09:35:33","guid":{"rendered":"http:\/\/coopcec.be\/wcec\/?page_id=1055"},"modified":"2019-03-03T17:26:59","modified_gmt":"2019-03-03T16:26:59","slug":"ochain-energie","status":"publish","type":"page","link":"https:\/\/coopcec.be\/wcec\/nos-projets\/ochain-energie\/","title":{"rendered":"Ochain Energie"},"content":{"rendered":"<h3>Biom\u00e9thanisation agricole d&rsquo;Ochain<\/h3>\n<p>En d\u00e9cembre 2015, Condroz \u00c9nergies Citoyennes a d\u00e9cid\u00e9 de participer au projet de biom\u00e9thanisation \u00e0 Ochain (Clavier), aux c\u00f4t\u00e9s d&rsquo;une autre coop\u00e9rative citoyenne (\u00c9missions z\u00e9ro), d\u2019un agriculteur local (Gr\u00e9gory Racelle) et d\u2019une entreprise li\u00e9geoise de co-g\u00e9n\u00e9ration (Coretec).<\/p>\n<p>Condroz Energies Citoyennes participe \u00e0 hauteur de 10\u00a0000 \u20ac dans le capital de Ochain Energie.<\/p>\n<div class=\"col-md-6 mt16 mb0\">\n<p>Le d\u00e9veloppement de l\u2019\u00e9olien et du photovolta\u00efque \u00a0en Wallonie, sources intermittentes d\u2019\u00e9nergie, n\u00e9cessite d&rsquo;autres sources d\u2019\u00e9nergies plus constantes\u00a0 pour lisser l\u2019alimentation du r\u00e9seau \u00e9lectrique.<\/p>\n<p>La biom\u00e9thanisation agricole en fonctionnant \u00a08200 heures par an non-stop r\u00e9pond \u00e0 cet enjeu.<\/p>\n<h3>La centrale de biom\u00e9thanisation d&rsquo;Ochain \u00c9nergie<\/h3>\n<p>Les travaux ont commenc\u00e9 en \u00e9t\u00e9 2016 et l&rsquo;unit\u00e9 est op\u00e9rationnelle depuis le 6 mai 2017 pour la production d&rsquo;\u00e9lectricit\u00e9.<br \/>\nLa centrale de biom\u00e9thanisation agricole et citoyenne d&rsquo;Ochain Energie fournit de l&rsquo;\u00e9lectricit\u00e9 renouvelable gr\u00e2ce \u00e0 un alternateur de 600 kW (vendue \u00e0 COCITER \/ Elexys) et alimente un r\u00e9seau de chaleur, utilis\u00e9 en grande partie pour assurer le chauffage d&rsquo;une maison de repos \u00e0 proximit\u00e9.<br \/>\nElle permet d&rsquo;\u00e9viter l&rsquo;\u00e9mission de CO2, en \u00e9vitant l&rsquo;achat d&rsquo;engrais et cre\u0301e localement et durablement 7 emplois (directs et indirects)<\/p>\n<\/div>\n<h3>Biom\u00e9thanisation<\/h3>\n<p>C&rsquo;est un processus naturel. Quel est son principe ?<\/p>\n<div id=\"attachment_1136\" style=\"width: 810px\" class=\"wp-caption alignnone\"><a href=\"https:\/\/coopcec.be\/wcec\/cec-content\/uploads\/2016\/09\/D8E_4187_DxO.jpg\"><img loading=\"lazy\" decoding=\"async\" aria-describedby=\"caption-attachment-1136\" class=\"wp-image-1136 size-large\" src=\"https:\/\/coopcec.be\/wcec\/cec-content\/uploads\/2016\/09\/D8E_4187_DxO-1024x683.jpg\" alt=\"Mati\u00e8re organique: Fumier, d\u00e9chets de taille, feuilles, pelouse, paille ...\" width=\"800\" height=\"534\" srcset=\"https:\/\/coopcec.be\/wcec\/cec-content\/uploads\/2016\/09\/D8E_4187_DxO-1024x683.jpg 1024w, https:\/\/coopcec.be\/wcec\/cec-content\/uploads\/2016\/09\/D8E_4187_DxO-300x200.jpg 300w, https:\/\/coopcec.be\/wcec\/cec-content\/uploads\/2016\/09\/D8E_4187_DxO-768x513.jpg 768w, https:\/\/coopcec.be\/wcec\/cec-content\/uploads\/2016\/09\/D8E_4187_DxO-600x400.jpg 600w, https:\/\/coopcec.be\/wcec\/cec-content\/uploads\/2016\/09\/D8E_4187_DxO-400x267.jpg 400w, https:\/\/coopcec.be\/wcec\/cec-content\/uploads\/2016\/09\/D8E_4187_DxO-120x80.jpg 120w\" sizes=\"auto, (max-width: 800px) 100vw, 800px\" \/><\/a><p id=\"caption-attachment-1136\" class=\"wp-caption-text\">Mati\u00e8re organique: Fumier, d\u00e9chets de taille, feuilles, pelouse, paille &#8230;<\/p><\/div>\n<p>La biom\u00e9thanisation consiste \u00e0 faire d\u00e9grader des mati\u00e8res organiques (principalement des d\u00e9chets agricoles) par l\u2019action\u00a0combin\u00e9e de plusieurs communaut\u00e9s de bact\u00e9ries ana\u00e9robiques (qui vivent en absence d\u2019air et donc d\u2019oxyg\u00e8ne) \u00e0 une temp\u00e9rature maintenue \u00e0 37\u00b0c.. Ce processus produit un biogaz, qui est ensuite transform\u00e9 en \u00e9lectricit\u00e9 et en chaleur par une unit\u00e9 de cog\u00e9n\u00e9ration. L\u2019\u00e9lectricit\u00e9 produite est alors revendue et distribu\u00e9e pour alimenter pr\u00e8s de 1500 m\u00e9nages, tandis que l\u2019\u00e9nergie thermique (eau chaude) est utilis\u00e9e pour chauffer les b\u00e2timents et l\u2019eau sanitaire de gros consommateurs.<\/p>\n<div id=\"attachment_1137\" style=\"width: 810px\" class=\"wp-caption alignnone\"><a href=\"https:\/\/coopcec.be\/wcec\/cec-content\/uploads\/2016\/09\/D8E_4213_DxO.jpg\"><img loading=\"lazy\" decoding=\"async\" aria-describedby=\"caption-attachment-1137\" class=\"size-large wp-image-1137\" src=\"https:\/\/coopcec.be\/wcec\/cec-content\/uploads\/2016\/09\/D8E_4213_DxO-1024x684.jpg\" alt=\"Ch\u00e2teau d'Ochain\" width=\"800\" height=\"534\" srcset=\"https:\/\/coopcec.be\/wcec\/cec-content\/uploads\/2016\/09\/D8E_4213_DxO-1024x684.jpg 1024w, https:\/\/coopcec.be\/wcec\/cec-content\/uploads\/2016\/09\/D8E_4213_DxO-300x200.jpg 300w, https:\/\/coopcec.be\/wcec\/cec-content\/uploads\/2016\/09\/D8E_4213_DxO-768x513.jpg 768w, https:\/\/coopcec.be\/wcec\/cec-content\/uploads\/2016\/09\/D8E_4213_DxO-600x401.jpg 600w, https:\/\/coopcec.be\/wcec\/cec-content\/uploads\/2016\/09\/D8E_4213_DxO-400x267.jpg 400w, https:\/\/coopcec.be\/wcec\/cec-content\/uploads\/2016\/09\/D8E_4213_DxO-120x80.jpg 120w\" sizes=\"auto, (max-width: 800px) 100vw, 800px\" \/><\/a><p id=\"caption-attachment-1137\" class=\"wp-caption-text\">Ch\u00e2teau d&rsquo;Ochain<\/p><\/div>\n<p>Ochain Energie fournit en chaleur entre autres le Ch\u00e2teau-Home d\u2019Ochain.<\/p>\n<p>.<\/p>\n<h3>Digestat<\/h3>\n<p>Apr\u00e8s la phase de production de gaz, on r\u00e9cup\u00e8re le digestat qui est valoris\u00e9 comme fertilisant agricole de haute valeur.<\/p>\n<p>Ce digestat a les propri\u00e9t\u00e9s suivantes : pas d\u2019odeur du fait de la digestion des mati\u00e8res organiques dans le m\u00e9thaniseur, une valeur fertilisante am\u00e9lior\u00e9e car l\u2019azote se retrouve sous forme ammoniacale, plus facilement assimilable par les plantes, et des germes pathog\u00e8nes r\u00e9duits gr\u00e2ce \u00e0 l\u2019hygi\u00e9nisation.<\/p>\n<h3>\u00c9missions de CO2<\/h3>\n<div>\n<div class=\"page\" title=\"Page 14\">\n<div class=\"section\">\n<div class=\"layoutArea\">\n<div class=\"column\">\n<ul>\n<li style=\"list-style-type: none;\">\n<ul>\n<li>Vu la transformation des de\u0301chets et effluents d\u2019e\u0301levage en engrais de qualite\u0301 sans odeur, la biome\u0301thanisation agricole permet de se passer d\u2019achats d\u2019engrais, sachant qu\u2019une tonne de pe\u0301trole est ne\u0301cessaire pour produire une tonne d&rsquo;engrais azote\u0301 et que la synthe\u0300se de ces engrais chimiques passe par la production du protoxyde d&rsquo;azote (N2O) 300 fois plus actif dans le re\u0301chauffement climatique que le CO2.<\/li>\n<\/ul>\n<\/li>\n<\/ul>\n<ul>\n<li style=\"list-style-type: none;\">\n<ul>\n<li>Cette production d&rsquo;engrais de qualite\u0301 permet d&rsquo;e\u0301conomiser plus de 4.000 tonnes de CO2 \/ an.<\/li>\n<\/ul>\n<\/li>\n<\/ul>\n<ul>\n<li style=\"list-style-type: none;\">\n<ul>\n<li>La combustion de biogaz issu de la biome\u0301thanisation n\u2019accroi\u0302t pas l\u2019effet de serre, car la pousse de la re\u0301colte suivante absorbe la me\u0302me quantite\u0301 de CO2 (indispensable a\u0300 la photosynthe\u0300se).<\/li>\n<\/ul>\n<\/li>\n<\/ul>\n<ul>\n<li>Le home consomme 140000 litres de mazout par an pour le chauffage et les eaux sanitaires. Un \u00e9changeur de chaleur est install\u00e9 dans le ch\u00e2teau et reli\u00e9 au circuit biomasse. Ceci \u00e9vite 420 tonnes de CO2\/an.<\/li>\n<\/ul>\n<\/div>\n<\/div>\n<\/div>\n<\/div>\n<\/div>\n<div><\/div>\n<p>Pour plus d&rsquo;informations sur la biom\u00e9thanisation, voir la <a href=\"http:\/\/www.valbiom.be\/thematiques\/la-biomethanisation.htm\">th\u00e9matique biom\u00e9thanisation<\/a> sur le site de Valbiom.<\/p>\n<p>Page mise \u00e0 jour le 3\/3\/2019<\/p>\n","protected":false},"excerpt":{"rendered":"<p>Biom\u00e9thanisation agricole d&rsquo;Ochain En d\u00e9cembre 2015, Condroz \u00c9nergies Citoyennes a d\u00e9cid\u00e9 de participer au projet de biom\u00e9thanisation \u00e0 Ochain (Clavier), aux c\u00f4t\u00e9s d&rsquo;une autre coop\u00e9rative citoyenne (\u00c9missions z\u00e9ro), d\u2019un agriculteur <a class=\"more-link\" href=\"https:\/\/coopcec.be\/wcec\/nos-projets\/ochain-energie\/\">Continuer la lecture \u2192<\/a><\/p>\n","protected":false},"author":3,"featured_media":1691,"parent":20,"menu_order":4,"comment_status":"closed","ping_status":"closed","template":"","meta":{"footnotes":""},"class_list":["post-1055","page","type-page","status-publish","has-post-thumbnail","hentry"],"aioseo_notices":[],"_links":{"self":[{"href":"https:\/\/coopcec.be\/wcec\/wp-json\/wp\/v2\/pages\/1055","targetHints":{"allow":["GET"]}}],"collection":[{"href":"https:\/\/coopcec.be\/wcec\/wp-json\/wp\/v2\/pages"}],"about":[{"href":"https:\/\/coopcec.be\/wcec\/wp-json\/wp\/v2\/types\/page"}],"author":[{"embeddable":true,"href":"https:\/\/coopcec.be\/wcec\/wp-json\/wp\/v2\/users\/3"}],"replies":[{"embeddable":true,"href":"https:\/\/coopcec.be\/wcec\/wp-json\/wp\/v2\/comments?post=1055"}],"version-history":[{"count":10,"href":"https:\/\/coopcec.be\/wcec\/wp-json\/wp\/v2\/pages\/1055\/revisions"}],"predecessor-version":[{"id":1816,"href":"https:\/\/coopcec.be\/wcec\/wp-json\/wp\/v2\/pages\/1055\/revisions\/1816"}],"up":[{"embeddable":true,"href":"https:\/\/coopcec.be\/wcec\/wp-json\/wp\/v2\/pages\/20"}],"wp:featuredmedia":[{"embeddable":true,"href":"https:\/\/coopcec.be\/wcec\/wp-json\/wp\/v2\/media\/1691"}],"wp:attachment":[{"href":"https:\/\/coopcec.be\/wcec\/wp-json\/wp\/v2\/media?parent=1055"}],"curies":[{"name":"wp","href":"https:\/\/api.w.org\/{rel}","templated":true}]}}